{"id":5695,"date":"2019-09-07T04:08:27","date_gmt":"2019-09-07T04:08:27","guid":{"rendered":"https:\/\/biseridunavaidjerdapa.rs\/events\/"},"modified":"2019-09-08T13:41:54","modified_gmt":"2019-09-08T13:41:54","slug":"events","status":"publish","type":"page","link":"https:\/\/biseridunavaidjerdapa.rs\/en\/events\/","title":{"rendered":"Events"},"content":{"rendered":"\t\t<div data-elementor-type=\"wp-post\" data-elementor-id=\"5695\" class=\"elementor elementor-5695\">\n\t\t\t\t\t\t<div class=\"elementor-inner\">\n\t\t\t\t<div class=\"elementor-section-wrap\">\n\t\t\t\t\t\t\t\t\t<section class=\"elementor-section elementor-top-section elementor-element elementor-element-1329bcd5 elementor-section-stretched elementor-section-boxed elementor-section-height-default elementor-section-height-default\" data-id=\"1329bcd5\" data-element_type=\"section\" data-settings=\"{&quot;stretch_section&quot;:&quot;section-stretched&quot;}\">\n\t\t\t\t\t\t<div class=\"elementor-container elementor-column-gap-default\">\n\t\t\t\t\t\t\t<div class=\"elementor-row\">\n\t\t\t\t\t<div class=\"aux-parallax-section elementor-column elementor-col-100 elementor-top-column elementor-element elementor-element-75ac2e1\" data-id=\"75ac2e1\" data-element_type=\"column\">\n\t\t\t<div class=\"elementor-column-wrap elementor-element-populated\">\n\t\t\t\t\t\t\t<div class=\"elementor-widget-wrap\">\n\t\t\t\t\t\t<div class=\"elementor-element elementor-element-2bb49329 elementor-widget elementor-widget-heading\" data-id=\"2bb49329\" data-element_type=\"widget\" data-widget_type=\"heading.default\">\n\t\t\t\t<div class=\"elementor-widget-container\">\n\t\t\t<h1 class=\"elementor-heading-title elementor-size-default\">Events<\/h1>\t\t<\/div>\n\t\t\t\t<\/div>\n\t\t\t\t<div class=\"elementor-element elementor-element-3aa302a8 elementor-widget elementor-widget-spacer\" data-id=\"3aa302a8\" data-element_type=\"widget\" data-widget_type=\"spacer.default\">\n\t\t\t\t<div class=\"elementor-widget-container\">\n\t\t\t\t\t<div class=\"elementor-spacer\">\n\t\t\t<div class=\"elementor-spacer-inner\"><\/div>\n\t\t<\/div>\n\t\t\t\t<\/div>\n\t\t\t\t<\/div>\n\t\t\t\t<div class=\"elementor-element elementor-element-15ae9b51 elementor-widget elementor-widget-text-editor\" data-id=\"15ae9b51\" data-element_type=\"widget\" data-widget_type=\"text-editor.default\">\n\t\t\t\t<div class=\"elementor-widget-container\">\n\t\t\t\t\t\t\t\t<div class=\"elementor-text-editor elementor-clearfix\">\n\t\t\t\t<p><strong>January<\/strong><br \/>\n&#8211; Hunting the Jackal from the cave \u2013 Hunting Association PEK, Brani\u010devo, <em><strong>Golubac<\/strong><\/em><\/p>\n<p><strong>February<\/strong><br \/>\n&#8211; Hunting the wolf \u2013 Hunting Association Kuna, Dobra, <em><strong>Golubac<\/strong><\/em><br \/>\n&#8211; Saint Tryphon &#8211; <em><strong>Rajac &#8211; Negotin<\/strong><\/em><\/p>\n<p><strong>April<\/strong><br \/>\n&#8211; Easter ethno-festival &#8211; Poljana &#8211; <em><strong>Po\u017earevac<\/strong><\/em><br \/>\n&#8211; Actors\u2019 festivities Milivoje \u017divanovi\u0107 &#8211; <em><strong>Po\u017earevac<\/strong><\/em><br \/>\n&#8211; Cheerful bazaar &#8211; <em><strong>Kladovo<\/strong><\/em><\/p>\n<p><strong>May<\/strong><br \/>\n&#8211; Honey and wine Fair &#8211; <em><strong>Negotin<\/strong><\/em><br \/>\n&#8211; Flower festival &#8211; <em><strong>Po\u017earevac<\/strong><\/em><br \/>\n&#8211; Flower and honey festival &#8211; <em><strong>Veliko Gradi\u0161te<\/strong><\/em><\/p>\n<p><strong>June<\/strong><br \/>\n&#8211; Day of the Danube &#8211; <em><strong>Veliko Gradi\u0161te<\/strong><\/em><br \/>\n&#8211; Day of the Danube &#8211; <em><strong>Golubac<\/strong><\/em><br \/>\n&#8211; Day of the Danube &#8211; <em><strong>Donji Milanovac<\/strong><\/em><br \/>\n&#8211; Day of the Danube &#8211; <em><strong>Kladovo<\/strong><\/em><br \/>\n&#8211; Day of the Danube &#8211; <em><strong>Negotin<\/strong><\/em><\/p>\n<p><strong>July<\/strong><br \/>\n&#8211; Danube Fair &#8211; <em><strong>Golubac<\/strong><\/em><br \/>\n&#8211; Days of Carevac &#8211; <em><strong>Veliko Gradi\u0161te<\/strong><\/em><br \/>\n&#8211; Fishermen\u2019s nights &#8211; <em><strong>Veliko Gradi\u0161te<\/strong><\/em><br \/>\n&#8211; Folklore days &#8211; <em><strong>Donji Milanovac, Majdanpek<\/strong><\/em><br \/>\n&#8211; Youth music festival &#8211; <em><strong>Donji Milanovac<\/strong><\/em><br \/>\n&#8211; Ethno-festival &#8211; <em><strong>Kladovo<\/strong><\/em><\/p>\n<p><strong>August<\/strong><br \/>\n&#8211; National Sailing Championship &#8211; <em><strong>Golubac<\/strong><\/em><br \/>\n&#8211; International kayak regatta \u2013 <em><strong>Veliko Gradi\u0161te, Golubac, Donji Milanovac, Kladovo, Negotin<\/strong><\/em><br \/>\n&#8211; Djerdap Sailing Cup &#8211; <em><strong>Donji Milanovac<\/strong><\/em><br \/>\n&#8211; \u201cPore\u010dki kotli\u010d\u201d (competition in preparing fish soup and fish stew in the traditional way) &#8211; <em><strong>Donji Milanovac<\/strong><\/em><br \/>\n&#8211; \u201cZlatna bu\u0107ka Djerdapa\u201d (fishing competition) &#8211; <em><strong>Tekija, Kladovo<\/strong><\/em><br \/>\n&#8211; \u201cPasuljijada\u201d (competition in preparing pasulj) &#8211; <em><strong>Veliko Gradi\u0161te<\/strong><\/em><br \/>\n&#8211; \u201cRam twilights\u201d (poetry evening) &#8211; <em><strong>Ram &#8211; Veliko Gradi\u0161te<\/strong><\/em><\/p>\n<p><strong>September<\/strong><br \/>\n&#8211; Ljubi\u010devo equestrian games &#8211; <em><strong>Po\u017earevac<\/strong><\/em><br \/>\n&#8211; Festival Sila (International Festival of Tourism and Environmental Film) &#8211; <em><strong>Veliko Gradi\u0161te<\/strong><\/em><br \/>\n&#8211; Harvest of the grapes &#8211; <em><strong>Rogljevo &#8211; Negotin<\/strong><\/em><br \/>\n&#8211; Days of Mokranjac \u2013 <em><strong>Negotin<\/strong><\/em><\/p>\n<p><strong>December<\/strong><br \/>\n-The open heart community &#8211; <em><strong>Kladovo<\/strong><\/em><\/p>\n\t\t\t\t\t<\/div>\n\t\t\t\t\t\t<\/div>\n\t\t\t\t<\/div>\n\t\t\t\t\t\t<\/div>\n\t\t\t\t\t<\/div>\n\t\t<\/div>\n\t\t\t\t\t\t\t\t<\/div>\n\t\t\t\t\t<\/div>\n\t\t<\/section>\n\t\t\t\t\t\t\t\t\t<\/div>\n\t\t\t<\/div>\n\t\t\t\t\t<\/div>\n\t\t","protected":false},"excerpt":{"rendered":"<p>Events January &#8211; Hunting the Jackal from the cave \u2013 Hunting Association PEK, Brani\u010devo, Golubac February &#8211; Hunting the wolf \u2013 Hunting Association Kuna, Dobra, Golubac &#8211; Saint Tryphon &#8211; Rajac &#8211; Negotin April &#8211; Easter ethno-festival &#8211; Poljana &#8211; Po\u017earevac &#8211; Actors\u2019 festivities Milivoje \u017divanovi\u0107 &#8211; Po\u017earevac &#8211; Cheerful bazaar &#8211; Kladovo May &#8211; [&hellip;]<\/p>\n","protected":false},"author":1,"featured_media":0,"parent":0,"menu_order":0,"comment_status":"closed","ping_status":"closed","template":"elementor_header_footer","meta":[],"yoast_head":"<!-- This site is optimized with the Yoast SEO plugin v19.8 - https:\/\/yoast.com\/wordpress\/plugins\/seo\/ -->\n<title>Events - \u0411\u0438\u0441\u0435\u0440\u0438 \u0414\u0443\u043d\u0430\u0432\u0430 \u0438 \u0402\u0435\u0440\u0434\u0430\u043f\u0430<\/title>\n<meta name=\"robots\" content=\"index, follow, max-snippet:-1, max-image-preview:large, max-video-preview:-1\" \/>\n<link rel=\"canonical\" href=\"https:\/\/biseridunavaidjerdapa.rs\/events\/\" \/>\n<meta property=\"og:locale\" content=\"sr_RS\" \/>\n<meta property=\"og:type\" content=\"article\" \/>\n<meta property=\"og:title\" content=\"Events - \u0411\u0438\u0441\u0435\u0440\u0438 \u0414\u0443\u043d\u0430\u0432\u0430 \u0438 \u0402\u0435\u0440\u0434\u0430\u043f\u0430\" \/>\n<meta property=\"og:description\" content=\"Events January &#8211; Hunting the Jackal from the cave \u2013 Hunting Association PEK, Brani\u010devo, Golubac February &#8211; Hunting the wolf \u2013 Hunting Association Kuna, Dobra, Golubac &#8211; Saint Tryphon &#8211; Rajac &#8211; Negotin April &#8211; Easter ethno-festival &#8211; Poljana &#8211; Po\u017earevac &#8211; Actors\u2019 festivities Milivoje \u017divanovi\u0107 &#8211; Po\u017earevac &#8211; Cheerful bazaar &#8211; Kladovo May &#8211; [&hellip;]\" \/>\n<meta property=\"og:url\" content=\"https:\/\/biseridunavaidjerdapa.rs\/en\/events\/\" \/>\n<meta property=\"og:site_name\" content=\"\u0411\u0438\u0441\u0435\u0440\u0438 \u0414\u0443\u043d\u0430\u0432\u0430 \u0438 \u0402\u0435\u0440\u0434\u0430\u043f\u0430\" \/>\n<meta property=\"article:publisher\" content=\"https:\/\/www.facebook.com\/biseriistocnesrbije.djerdap\" \/>\n<meta property=\"article:modified_time\" content=\"2019-09-08T13:41:54+00:00\" \/>\n<meta property=\"og:image\" content=\"https:\/\/biseridunavaidjerdapa.rs\/wp-content\/uploads\/2019\/09\/Biseri-Dunava-i-Djerdapa.jpg\" \/>\n\t<meta property=\"og:image:width\" content=\"1280\" \/>\n\t<meta property=\"og:image:height\" content=\"850\" \/>\n\t<meta property=\"og:image:type\" content=\"image\/jpeg\" \/>\n<meta name=\"twitter:card\" content=\"summary_large_image\" \/>\n<meta name=\"twitter:label1\" content=\"\u041f\u0440\u043e\u0446\u0435\u045a\u0435\u043d\u043e \u0432\u0440\u0435\u043c\u0435 \u0447\u0438\u0442\u0430\u045a\u0430\" \/>\n\t<meta name=\"twitter:data1\" content=\"1 \u043c\u0438\u043d\u0443\u0442\" \/>\n<script type=\"application\/ld+json\" class=\"yoast-schema-graph\">{\"@context\":\"https:\/\/schema.org\",\"@graph\":[{\"@type\":\"WebPage\",\"@id\":\"https:\/\/biseridunavaidjerdapa.rs\/en\/events\/\",\"url\":\"https:\/\/biseridunavaidjerdapa.rs\/en\/events\/\",\"name\":\"Events - \u0411\u0438\u0441\u0435\u0440\u0438 \u0414\u0443\u043d\u0430\u0432\u0430 \u0438 \u0402\u0435\u0440\u0434\u0430\u043f\u0430\",\"isPartOf\":{\"@id\":\"https:\/\/biseridunavaidjerdapa.rs\/#website\"},\"datePublished\":\"2019-09-07T04:08:27+00:00\",\"dateModified\":\"2019-09-08T13:41:54+00:00\",\"inLanguage\":\"sr-RS\",\"potentialAction\":[{\"@type\":\"ReadAction\",\"target\":[\"https:\/\/biseridunavaidjerdapa.rs\/en\/events\/\"]}]},{\"@type\":\"WebSite\",\"@id\":\"https:\/\/biseridunavaidjerdapa.rs\/#website\",\"url\":\"https:\/\/biseridunavaidjerdapa.rs\/\",\"name\":\"\u0411\u0438\u0441\u0435\u0440\u0438 \u0414\u0443\u043d\u0430\u0432\u0430 \u0438 \u0402\u0435\u0440\u0434\u0430\u043f\u0430\",\"description\":\"\",\"publisher\":{\"@id\":\"https:\/\/biseridunavaidjerdapa.rs\/#organization\"},\"potentialAction\":[{\"@type\":\"SearchAction\",\"target\":{\"@type\":\"EntryPoint\",\"urlTemplate\":\"https:\/\/biseridunavaidjerdapa.rs\/?s={search_term_string}\"},\"query-input\":\"required name=search_term_string\"}],\"inLanguage\":\"sr-RS\"},{\"@type\":\"Organization\",\"@id\":\"https:\/\/biseridunavaidjerdapa.rs\/#organization\",\"name\":\"\u0411\u0438\u0441\u0435\u0440\u0438 \u0414\u0443\u043d\u0430\u0432\u0430 \u0438 \u0402\u0435\u0440\u0434\u0430\u043f\u0430\",\"url\":\"https:\/\/biseridunavaidjerdapa.rs\/\",\"sameAs\":[\"https:\/\/www.facebook.com\/biseriistocnesrbije.djerdap\"],\"logo\":{\"@type\":\"ImageObject\",\"inLanguage\":\"sr-RS\",\"@id\":\"https:\/\/biseridunavaidjerdapa.rs\/#\/schema\/logo\/image\/\",\"url\":\"https:\/\/biseridunavaidjerdapa.rs\/wp-content\/uploads\/2019\/08\/Favicon.jpg\",\"contentUrl\":\"https:\/\/biseridunavaidjerdapa.rs\/wp-content\/uploads\/2019\/08\/Favicon.jpg\",\"width\":512,\"height\":512,\"caption\":\"\u0411\u0438\u0441\u0435\u0440\u0438 \u0414\u0443\u043d\u0430\u0432\u0430 \u0438 \u0402\u0435\u0440\u0434\u0430\u043f\u0430\"},\"image\":{\"@id\":\"https:\/\/biseridunavaidjerdapa.rs\/#\/schema\/logo\/image\/\"}}]}<\/script>\n<!-- \/ Yoast SEO plugin. -->","yoast_head_json":{"title":"Events - \u0411\u0438\u0441\u0435\u0440\u0438 \u0414\u0443\u043d\u0430\u0432\u0430 \u0438 \u0402\u0435\u0440\u0434\u0430\u043f\u0430","robots":{"index":"index","follow":"follow","max-snippet":"max-snippet:-1","max-image-preview":"max-image-preview:large","max-video-preview":"max-video-preview:-1"},"canonical":"https:\/\/biseridunavaidjerdapa.rs\/events\/","og_locale":"sr_RS","og_type":"article","og_title":"Events - \u0411\u0438\u0441\u0435\u0440\u0438 \u0414\u0443\u043d\u0430\u0432\u0430 \u0438 \u0402\u0435\u0440\u0434\u0430\u043f\u0430","og_description":"Events January &#8211; Hunting the Jackal from the cave \u2013 Hunting Association PEK, Brani\u010devo, Golubac February &#8211; Hunting the wolf \u2013 Hunting Association Kuna, Dobra, Golubac &#8211; Saint Tryphon &#8211; Rajac &#8211; Negotin April &#8211; Easter ethno-festival &#8211; Poljana &#8211; Po\u017earevac &#8211; Actors\u2019 festivities Milivoje \u017divanovi\u0107 &#8211; Po\u017earevac &#8211; Cheerful bazaar &#8211; Kladovo May &#8211; [&hellip;]","og_url":"https:\/\/biseridunavaidjerdapa.rs\/en\/events\/","og_site_name":"\u0411\u0438\u0441\u0435\u0440\u0438 \u0414\u0443\u043d\u0430\u0432\u0430 \u0438 \u0402\u0435\u0440\u0434\u0430\u043f\u0430","article_publisher":"https:\/\/www.facebook.com\/biseriistocnesrbije.djerdap","article_modified_time":"2019-09-08T13:41:54+00:00","og_image":[{"width":1280,"height":850,"url":"https:\/\/biseridunavaidjerdapa.rs\/wp-content\/uploads\/2019\/09\/Biseri-Dunava-i-Djerdapa.jpg","type":"image\/jpeg"}],"twitter_card":"summary_large_image","twitter_misc":{"\u041f\u0440\u043e\u0446\u0435\u045a\u0435\u043d\u043e \u0432\u0440\u0435\u043c\u0435 \u0447\u0438\u0442\u0430\u045a\u0430":"1 \u043c\u0438\u043d\u0443\u0442"},"schema":{"@context":"https:\/\/schema.org","@graph":[{"@type":"WebPage","@id":"https:\/\/biseridunavaidjerdapa.rs\/en\/events\/","url":"https:\/\/biseridunavaidjerdapa.rs\/en\/events\/","name":"Events - \u0411\u0438\u0441\u0435\u0440\u0438 \u0414\u0443\u043d\u0430\u0432\u0430 \u0438 \u0402\u0435\u0440\u0434\u0430\u043f\u0430","isPartOf":{"@id":"https:\/\/biseridunavaidjerdapa.rs\/#website"},"datePublished":"2019-09-07T04:08:27+00:00","dateModified":"2019-09-08T13:41:54+00:00","inLanguage":"sr-RS","potentialAction":[{"@type":"ReadAction","target":["https:\/\/biseridunavaidjerdapa.rs\/en\/events\/"]}]},{"@type":"WebSite","@id":"https:\/\/biseridunavaidjerdapa.rs\/#website","url":"https:\/\/biseridunavaidjerdapa.rs\/","name":"\u0411\u0438\u0441\u0435\u0440\u0438 \u0414\u0443\u043d\u0430\u0432\u0430 \u0438 \u0402\u0435\u0440\u0434\u0430\u043f\u0430","description":"","publisher":{"@id":"https:\/\/biseridunavaidjerdapa.rs\/#organization"},"potentialAction":[{"@type":"SearchAction","target":{"@type":"EntryPoint","urlTemplate":"https:\/\/biseridunavaidjerdapa.rs\/?s={search_term_string}"},"query-input":"required name=search_term_string"}],"inLanguage":"sr-RS"},{"@type":"Organization","@id":"https:\/\/biseridunavaidjerdapa.rs\/#organization","name":"\u0411\u0438\u0441\u0435\u0440\u0438 \u0414\u0443\u043d\u0430\u0432\u0430 \u0438 \u0402\u0435\u0440\u0434\u0430\u043f\u0430","url":"https:\/\/biseridunavaidjerdapa.rs\/","sameAs":["https:\/\/www.facebook.com\/biseriistocnesrbije.djerdap"],"logo":{"@type":"ImageObject","inLanguage":"sr-RS","@id":"https:\/\/biseridunavaidjerdapa.rs\/#\/schema\/logo\/image\/","url":"https:\/\/biseridunavaidjerdapa.rs\/wp-content\/uploads\/2019\/08\/Favicon.jpg","contentUrl":"https:\/\/biseridunavaidjerdapa.rs\/wp-content\/uploads\/2019\/08\/Favicon.jpg","width":512,"height":512,"caption":"\u0411\u0438\u0441\u0435\u0440\u0438 \u0414\u0443\u043d\u0430\u0432\u0430 \u0438 \u0402\u0435\u0440\u0434\u0430\u043f\u0430"},"image":{"@id":"https:\/\/biseridunavaidjerdapa.rs\/#\/schema\/logo\/image\/"}}]}},"_links":{"self":[{"href":"https:\/\/biseridunavaidjerdapa.rs\/en\/wp-json\/wp\/v2\/pages\/5695\/"}],"collection":[{"href":"https:\/\/biseridunavaidjerdapa.rs\/en\/wp-json\/wp\/v2\/pages\/"}],"about":[{"href":"https:\/\/biseridunavaidjerdapa.rs\/en\/wp-json\/wp\/v2\/types\/page\/"}],"author":[{"embeddable":true,"href":"https:\/\/biseridunavaidjerdapa.rs\/en\/wp-json\/wp\/v2\/users\/1\/"}],"replies":[{"embeddable":true,"href":"https:\/\/biseridunavaidjerdapa.rs\/en\/wp-json\/wp\/v2\/comments\/?post=5695"}],"version-history":[{"count":2,"href":"https:\/\/biseridunavaidjerdapa.rs\/en\/wp-json\/wp\/v2\/pages\/5695\/revisions\/"}],"predecessor-version":[{"id":5984,"href":"https:\/\/biseridunavaidjerdapa.rs\/en\/wp-json\/wp\/v2\/pages\/5695\/revisions\/5984\/"}],"wp:attachment":[{"href":"https:\/\/biseridunavaidjerdapa.rs\/en\/wp-json\/wp\/v2\/media\/?parent=5695"}],"curies":[{"name":"wp","href":"https:\/\/api.w.org\/{rel}","templated":true}]}}