{"id":5681,"date":"2019-09-07T03:33:56","date_gmt":"2019-09-07T03:33:56","guid":{"rendered":"https:\/\/biseridunavaidjerdapa.rs\/cacalica\/"},"modified":"2019-09-07T07:24:40","modified_gmt":"2019-09-07T07:24:40","slug":"cacalica","status":"publish","type":"page","link":"https:\/\/biseridunavaidjerdapa.rs\/en\/cacalica\/","title":{"rendered":"\u010ca\u010dalica"},"content":{"rendered":"\t\t<div data-elementor-type=\"wp-post\" data-elementor-id=\"5681\" class=\"elementor elementor-5681\">\n\t\t\t\t\t\t<div class=\"elementor-inner\">\n\t\t\t\t<div class=\"elementor-section-wrap\">\n\t\t\t\t\t\t\t\t\t<section class=\"elementor-section elementor-top-section elementor-element elementor-element-657ba632 elementor-section-stretched elementor-section-boxed elementor-section-height-default elementor-section-height-default\" data-id=\"657ba632\" data-element_type=\"section\" data-settings=\"{&quot;stretch_section&quot;:&quot;section-stretched&quot;}\">\n\t\t\t\t\t\t<div class=\"elementor-container elementor-column-gap-default\">\n\t\t\t\t\t\t\t<div class=\"elementor-row\">\n\t\t\t\t\t<div class=\"aux-parallax-section elementor-column elementor-col-100 elementor-top-column elementor-element elementor-element-7e490f20\" data-id=\"7e490f20\" data-element_type=\"column\">\n\t\t\t<div class=\"elementor-column-wrap elementor-element-populated\">\n\t\t\t\t\t\t\t<div class=\"elementor-widget-wrap\">\n\t\t\t\t\t\t<div class=\"elementor-element elementor-element-182594d5 elementor-widget elementor-widget-heading\" data-id=\"182594d5\" data-element_type=\"widget\" data-widget_type=\"heading.default\">\n\t\t\t\t<div class=\"elementor-widget-container\">\n\t\t\t<h2 class=\"elementor-heading-title elementor-size-default\">\u010ca\u010dalica<\/h2>\t\t<\/div>\n\t\t\t\t<\/div>\n\t\t\t\t<div class=\"elementor-element elementor-element-1b0fa459 elementor-widget elementor-widget-spacer\" data-id=\"1b0fa459\" data-element_type=\"widget\" data-widget_type=\"spacer.default\">\n\t\t\t\t<div class=\"elementor-widget-container\">\n\t\t\t\t\t<div class=\"elementor-spacer\">\n\t\t\t<div class=\"elementor-spacer-inner\"><\/div>\n\t\t<\/div>\n\t\t\t\t<\/div>\n\t\t\t\t<\/div>\n\t\t\t\t<div class=\"elementor-element elementor-element-47eb41d4 elementor-widget elementor-widget-text-editor\" data-id=\"47eb41d4\" data-element_type=\"widget\" data-widget_type=\"text-editor.default\">\n\t\t\t\t<div class=\"elementor-widget-container\">\n\t\t\t\t\t\t\t\t<div class=\"elementor-text-editor elementor-clearfix\">\n\t\t\t\t<p>\u010ca\u010dalica is a hill above Pozarevac, on which there is a memorial park of 28 hectares and is a favorite picnic area in Pozarevac. \u010ca\u010dalica is a place to visit. It is a place where you can relax and enjoy the wonderful beauty of nature. If you are coming to Pozarevac, be sure to visit it.<\/p>\n\t\t\t\t\t<\/div>\n\t\t\t\t\t\t<\/div>\n\t\t\t\t<\/div>\n\t\t\t\t\t\t<\/div>\n\t\t\t\t\t<\/div>\n\t\t<\/div>\n\t\t\t\t\t\t\t\t<\/div>\n\t\t\t\t\t<\/div>\n\t\t<\/section>\n\t\t\t\t<section class=\"elementor-section elementor-top-section elementor-element elementor-element-5d04b373 elementor-section-stretched elementor-section-full_width elementor-section-height-min-height elementor-section-items-bottom elementor-section-content-bottom elementor-section-height-default\" data-id=\"5d04b373\" data-element_type=\"section\" data-settings=\"{&quot;stretch_section&quot;:&quot;section-stretched&quot;,&quot;background_background&quot;:&quot;classic&quot;}\">\n\t\t\t\t\t\t<div class=\"elementor-container elementor-column-gap-no\">\n\t\t\t\t\t\t\t<div class=\"elementor-row\">\n\t\t\t\t\t<div class=\"aux-parallax-section elementor-column elementor-col-100 elementor-top-column elementor-element elementor-element-5e39e0b9\" data-id=\"5e39e0b9\" data-element_type=\"column\">\n\t\t\t<div class=\"elementor-column-wrap elementor-element-populated\">\n\t\t\t\t\t\t\t<div class=\"elementor-widget-wrap\">\n\t\t\t\t\t\t<div class=\"elementor-element elementor-element-238801e8 elementor-widget elementor-widget-tp-row-background\" data-id=\"238801e8\" data-element_type=\"widget\" data-widget_type=\"tp-row-background.default\">\n\t\t\t\t<div class=\"elementor-widget-container\">\n\t\t\t<script>\n(function($) {\n\t\t\t\t\t\t\"use strict\";\n\t\t\t\t\t\t$(document).ready(function(){\n\t\t\t\t\t\t$(\"#bgGallaryslide69e34727af655\").vegas({\n\t\t\t\t\t\t\t\toverlay: \"\",\n\t\t\t\t\t\t\t\ttransitionDuration: 4e3,\n\t\t\t\t\t\t\t\tdelay: 3000,\n\t\t\t\t\t\t\t\tslides: [{src: \"https:\/\/biseridunavaidjerdapa.rs\/wp-content\/uploads\/2019\/09\/\u010ca\u010dalica.jpg\",transition: \"fade2\",transitionDuration: 2000},]\n\t\t\t\t\t\t\t});\t\t\n\t\t\t\t\t\t});\n\t\t\t\t\t\t})(jQuery);\n<\/script>\n<div id=\"pt-plus-row-settings\" class=\"pt-plus-row-set theplus_row69e34727af649     \" data-no=\"theplus_row69e34727af649\"  data-section-hidden=\"inherit\"><div  id=\"bgGallaryslide69e34727af655\" class=\"pt-plus-row-slideshow \"><\/div><\/div>\t\t<\/div>\n\t\t\t\t<\/div>\n\t\t\t\t\t\t<\/div>\n\t\t\t\t\t<\/div>\n\t\t<\/div>\n\t\t\t\t\t\t\t\t<\/div>\n\t\t\t\t\t<\/div>\n\t\t<\/section>\n\t\t\t\t<section class=\"elementor-section elementor-top-section elementor-element elementor-element-6ee1bb80 elementor-section-boxed elementor-section-height-default elementor-section-height-default\" data-id=\"6ee1bb80\" data-element_type=\"section\">\n\t\t\t\t\t\t<div class=\"elementor-container elementor-column-gap-default\">\n\t\t\t\t\t\t\t<div class=\"elementor-row\">\n\t\t\t\t\t<div class=\"aux-parallax-section elementor-column elementor-col-100 elementor-top-column elementor-element elementor-element-174700de\" data-id=\"174700de\" data-element_type=\"column\">\n\t\t\t<div class=\"elementor-column-wrap elementor-element-populated\">\n\t\t\t\t\t\t\t<div class=\"elementor-widget-wrap\">\n\t\t\t\t\t\t<div class=\"elementor-element elementor-element-365d6004 elementor-widget elementor-widget-heading\" data-id=\"365d6004\" data-element_type=\"widget\" data-widget_type=\"heading.default\">\n\t\t\t\t<div class=\"elementor-widget-container\">\n\t\t\t<h1 class=\"elementor-heading-title elementor-size-default\">Favorite picnic area<\/br>for inhabitants of Pozarevac<\/h1>\t\t<\/div>\n\t\t\t\t<\/div>\n\t\t\t\t<div class=\"elementor-element elementor-element-68f762c9 elementor-widget elementor-widget-spacer\" data-id=\"68f762c9\" data-element_type=\"widget\" data-widget_type=\"spacer.default\">\n\t\t\t\t<div class=\"elementor-widget-container\">\n\t\t\t\t\t<div class=\"elementor-spacer\">\n\t\t\t<div class=\"elementor-spacer-inner\"><\/div>\n\t\t<\/div>\n\t\t\t\t<\/div>\n\t\t\t\t<\/div>\n\t\t\t\t<div class=\"elementor-element elementor-element-18fb7395 elementor-drop-cap-yes elementor-drop-cap-view-stacked elementor-widget elementor-widget-text-editor\" data-id=\"18fb7395\" data-element_type=\"widget\" data-settings=\"{&quot;drop_cap&quot;:&quot;yes&quot;}\" data-widget_type=\"text-editor.default\">\n\t\t\t\t<div class=\"elementor-widget-container\">\n\t\t\t\t\t\t\t\t<div class=\"elementor-text-editor elementor-clearfix\">\n\t\t\t\t<p>About 3,000 sympathizers of NOP (the National liberation movement) and captured partisans were shot dead at the site of the memorial complex during World War II. The place where their remains rest is marked by a wall-shaped monument, commemorating the shooting of the victims. Within the memorial park is a ossuary. Inside of this ossuary are fallen soldiers of the Red Army, who fell in October 1944 in the area from Rudna Glava to Mladenovac. At the top of the hill is the &#8222;Star&#8220; monument. Within this park are a large number of trees of rare plant species and small animals. From some parts of the hill you can see almost the entire panorama of Pozarevac.<\/p>\n<div class=\"yj6qo\"><\/div>\n<div class=\"adL\"><\/div>\n\t\t\t\t\t<\/div>\n\t\t\t\t\t\t<\/div>\n\t\t\t\t<\/div>\n\t\t\t\t\t\t<\/div>\n\t\t\t\t\t<\/div>\n\t\t<\/div>\n\t\t\t\t\t\t\t\t<\/div>\n\t\t\t\t\t<\/div>\n\t\t<\/section>\n\t\t\t\t<section class=\"elementor-section elementor-top-section elementor-element elementor-element-21c48a82 elementor-section-boxed elementor-section-height-default elementor-section-height-default\" data-id=\"21c48a82\" data-element_type=\"section\" data-settings=\"{&quot;background_background&quot;:&quot;classic&quot;}\">\n\t\t\t\t\t\t<div class=\"elementor-container elementor-column-gap-default\">\n\t\t\t\t\t\t\t<div class=\"elementor-row\">\n\t\t\t\t\t<div class=\"aux-parallax-section elementor-column elementor-col-100 elementor-top-column elementor-element elementor-element-de5990e\" data-id=\"de5990e\" data-element_type=\"column\">\n\t\t\t<div class=\"elementor-column-wrap elementor-element-populated\">\n\t\t\t\t\t\t\t<div class=\"elementor-widget-wrap\">\n\t\t\t\t\t\t<div class=\"elementor-element elementor-element-47092c14 elementor-widget elementor-widget-tp-google-map\" data-id=\"47092c14\" data-element_type=\"widget\" data-widget_type=\"tp-google-map.default\">\n\t\t\t\t<div class=\"elementor-widget-container\">\n\t\t\t<div class=\"pt-plus-adv-gmap\"><div id=\"plus-gmap69e34727b5101\" class=\"pt-plus-adv-map js-el \" data-id=\"plus-gmap69e34727b5101\" data-adv-maps=\"{&quot;places&quot;:[{&quot;address&quot;:&quot;\\u010ca\\u010dalica\\u200b&quot;,&quot;latitude&quot;:&quot;44.613407&quot;,&quot;longitude&quot;:&quot;21.200724&quot;,&quot;pin_icon&quot;:&quot;&quot;}],&quot;options&quot;:{&quot;zoom&quot;:12,&quot;scrollwheel&quot;:false,&quot;draggable&quot;:true,&quot;panControl&quot;:true,&quot;zoomControl&quot;:true,&quot;scaleControl&quot;:true,&quot;mapTypeControl&quot;:true,&quot;fullscreenControl&quot;:true,&quot;streetViewControl&quot;:true,&quot;mapTypeId&quot;:&quot;ROADMAP&quot;},&quot;style&quot;:[]}\" data-map-style=\"style-4\"  ><\/div><\/div>\t\t<\/div>\n\t\t\t\t<\/div>\n\t\t\t\t\t\t<\/div>\n\t\t\t\t\t<\/div>\n\t\t<\/div>\n\t\t\t\t\t\t\t\t<\/div>\n\t\t\t\t\t<\/div>\n\t\t<\/section>\n\t\t\t\t\t\t\t\t\t<\/div>\n\t\t\t<\/div>\n\t\t\t\t\t<\/div>\n\t\t","protected":false},"excerpt":{"rendered":"<p>\u010ca\u010dalica \u010ca\u010dalica is a hill above Pozarevac, on which there is a memorial park of 28 hectares and is a favorite picnic area in Pozarevac. \u010ca\u010dalica is a place to visit. It is a place where you can relax and enjoy the wonderful beauty of nature. If you are coming to Pozarevac, be sure to [&hellip;]<\/p>\n","protected":false},"author":1,"featured_media":0,"parent":0,"menu_order":0,"comment_status":"closed","ping_status":"closed","template":"elementor_header_footer","meta":[],"yoast_head":"<!-- This site is optimized with the Yoast SEO plugin v19.8 - https:\/\/yoast.com\/wordpress\/plugins\/seo\/ -->\n<title>\u010ca\u010dalica - \u0411\u0438\u0441\u0435\u0440\u0438 \u0414\u0443\u043d\u0430\u0432\u0430 \u0438 \u0402\u0435\u0440\u0434\u0430\u043f\u0430<\/title>\n<meta name=\"robots\" content=\"index, follow, max-snippet:-1, max-image-preview:large, max-video-preview:-1\" \/>\n<link rel=\"canonical\" href=\"https:\/\/biseridunavaidjerdapa.rs\/cacalica\/\" \/>\n<meta property=\"og:locale\" content=\"sr_RS\" \/>\n<meta property=\"og:type\" content=\"article\" \/>\n<meta property=\"og:title\" content=\"\u010ca\u010dalica - \u0411\u0438\u0441\u0435\u0440\u0438 \u0414\u0443\u043d\u0430\u0432\u0430 \u0438 \u0402\u0435\u0440\u0434\u0430\u043f\u0430\" \/>\n<meta property=\"og:description\" content=\"\u010ca\u010dalica \u010ca\u010dalica is a hill above Pozarevac, on which there is a memorial park of 28 hectares and is a favorite picnic area in Pozarevac. \u010ca\u010dalica is a place to visit. It is a place where you can relax and enjoy the wonderful beauty of nature. If you are coming to Pozarevac, be sure to [&hellip;]\" \/>\n<meta property=\"og:url\" content=\"https:\/\/biseridunavaidjerdapa.rs\/en\/cacalica\/\" \/>\n<meta property=\"og:site_name\" content=\"\u0411\u0438\u0441\u0435\u0440\u0438 \u0414\u0443\u043d\u0430\u0432\u0430 \u0438 \u0402\u0435\u0440\u0434\u0430\u043f\u0430\" \/>\n<meta property=\"article:publisher\" content=\"https:\/\/www.facebook.com\/biseriistocnesrbije.djerdap\" \/>\n<meta property=\"article:modified_time\" content=\"2019-09-07T07:24:40+00:00\" \/>\n<meta property=\"og:image\" content=\"https:\/\/biseridunavaidjerdapa.rs\/wp-content\/uploads\/2019\/09\/Biseri-Dunava-i-Djerdapa.jpg\" \/>\n\t<meta property=\"og:image:width\" content=\"1280\" \/>\n\t<meta property=\"og:image:height\" content=\"850\" \/>\n\t<meta property=\"og:image:type\" content=\"image\/jpeg\" \/>\n<meta name=\"twitter:card\" content=\"summary_large_image\" \/>\n<meta name=\"twitter:label1\" content=\"\u041f\u0440\u043e\u0446\u0435\u045a\u0435\u043d\u043e \u0432\u0440\u0435\u043c\u0435 \u0447\u0438\u0442\u0430\u045a\u0430\" \/>\n\t<meta name=\"twitter:data1\" content=\"1 \u043c\u0438\u043d\u0443\u0442\" \/>\n<script type=\"application\/ld+json\" class=\"yoast-schema-graph\">{\"@context\":\"https:\/\/schema.org\",\"@graph\":[{\"@type\":\"WebPage\",\"@id\":\"https:\/\/biseridunavaidjerdapa.rs\/en\/cacalica\/\",\"url\":\"https:\/\/biseridunavaidjerdapa.rs\/en\/cacalica\/\",\"name\":\"\u010ca\u010dalica - \u0411\u0438\u0441\u0435\u0440\u0438 \u0414\u0443\u043d\u0430\u0432\u0430 \u0438 \u0402\u0435\u0440\u0434\u0430\u043f\u0430\",\"isPartOf\":{\"@id\":\"https:\/\/biseridunavaidjerdapa.rs\/#website\"},\"datePublished\":\"2019-09-07T03:33:56+00:00\",\"dateModified\":\"2019-09-07T07:24:40+00:00\",\"inLanguage\":\"sr-RS\",\"potentialAction\":[{\"@type\":\"ReadAction\",\"target\":[\"https:\/\/biseridunavaidjerdapa.rs\/en\/cacalica\/\"]}]},{\"@type\":\"WebSite\",\"@id\":\"https:\/\/biseridunavaidjerdapa.rs\/#website\",\"url\":\"https:\/\/biseridunavaidjerdapa.rs\/\",\"name\":\"\u0411\u0438\u0441\u0435\u0440\u0438 \u0414\u0443\u043d\u0430\u0432\u0430 \u0438 \u0402\u0435\u0440\u0434\u0430\u043f\u0430\",\"description\":\"\",\"publisher\":{\"@id\":\"https:\/\/biseridunavaidjerdapa.rs\/#organization\"},\"potentialAction\":[{\"@type\":\"SearchAction\",\"target\":{\"@type\":\"EntryPoint\",\"urlTemplate\":\"https:\/\/biseridunavaidjerdapa.rs\/?s={search_term_string}\"},\"query-input\":\"required name=search_term_string\"}],\"inLanguage\":\"sr-RS\"},{\"@type\":\"Organization\",\"@id\":\"https:\/\/biseridunavaidjerdapa.rs\/#organization\",\"name\":\"\u0411\u0438\u0441\u0435\u0440\u0438 \u0414\u0443\u043d\u0430\u0432\u0430 \u0438 \u0402\u0435\u0440\u0434\u0430\u043f\u0430\",\"url\":\"https:\/\/biseridunavaidjerdapa.rs\/\",\"sameAs\":[\"https:\/\/www.facebook.com\/biseriistocnesrbije.djerdap\"],\"logo\":{\"@type\":\"ImageObject\",\"inLanguage\":\"sr-RS\",\"@id\":\"https:\/\/biseridunavaidjerdapa.rs\/#\/schema\/logo\/image\/\",\"url\":\"https:\/\/biseridunavaidjerdapa.rs\/wp-content\/uploads\/2019\/08\/Favicon.jpg\",\"contentUrl\":\"https:\/\/biseridunavaidjerdapa.rs\/wp-content\/uploads\/2019\/08\/Favicon.jpg\",\"width\":512,\"height\":512,\"caption\":\"\u0411\u0438\u0441\u0435\u0440\u0438 \u0414\u0443\u043d\u0430\u0432\u0430 \u0438 \u0402\u0435\u0440\u0434\u0430\u043f\u0430\"},\"image\":{\"@id\":\"https:\/\/biseridunavaidjerdapa.rs\/#\/schema\/logo\/image\/\"}}]}<\/script>\n<!-- \/ Yoast SEO plugin. -->","yoast_head_json":{"title":"\u010ca\u010dalica - \u0411\u0438\u0441\u0435\u0440\u0438 \u0414\u0443\u043d\u0430\u0432\u0430 \u0438 \u0402\u0435\u0440\u0434\u0430\u043f\u0430","robots":{"index":"index","follow":"follow","max-snippet":"max-snippet:-1","max-image-preview":"max-image-preview:large","max-video-preview":"max-video-preview:-1"},"canonical":"https:\/\/biseridunavaidjerdapa.rs\/cacalica\/","og_locale":"sr_RS","og_type":"article","og_title":"\u010ca\u010dalica - \u0411\u0438\u0441\u0435\u0440\u0438 \u0414\u0443\u043d\u0430\u0432\u0430 \u0438 \u0402\u0435\u0440\u0434\u0430\u043f\u0430","og_description":"\u010ca\u010dalica \u010ca\u010dalica is a hill above Pozarevac, on which there is a memorial park of 28 hectares and is a favorite picnic area in Pozarevac. \u010ca\u010dalica is a place to visit. It is a place where you can relax and enjoy the wonderful beauty of nature. If you are coming to Pozarevac, be sure to [&hellip;]","og_url":"https:\/\/biseridunavaidjerdapa.rs\/en\/cacalica\/","og_site_name":"\u0411\u0438\u0441\u0435\u0440\u0438 \u0414\u0443\u043d\u0430\u0432\u0430 \u0438 \u0402\u0435\u0440\u0434\u0430\u043f\u0430","article_publisher":"https:\/\/www.facebook.com\/biseriistocnesrbije.djerdap","article_modified_time":"2019-09-07T07:24:40+00:00","og_image":[{"width":1280,"height":850,"url":"https:\/\/biseridunavaidjerdapa.rs\/wp-content\/uploads\/2019\/09\/Biseri-Dunava-i-Djerdapa.jpg","type":"image\/jpeg"}],"twitter_card":"summary_large_image","twitter_misc":{"\u041f\u0440\u043e\u0446\u0435\u045a\u0435\u043d\u043e \u0432\u0440\u0435\u043c\u0435 \u0447\u0438\u0442\u0430\u045a\u0430":"1 \u043c\u0438\u043d\u0443\u0442"},"schema":{"@context":"https:\/\/schema.org","@graph":[{"@type":"WebPage","@id":"https:\/\/biseridunavaidjerdapa.rs\/en\/cacalica\/","url":"https:\/\/biseridunavaidjerdapa.rs\/en\/cacalica\/","name":"\u010ca\u010dalica - \u0411\u0438\u0441\u0435\u0440\u0438 \u0414\u0443\u043d\u0430\u0432\u0430 \u0438 \u0402\u0435\u0440\u0434\u0430\u043f\u0430","isPartOf":{"@id":"https:\/\/biseridunavaidjerdapa.rs\/#website"},"datePublished":"2019-09-07T03:33:56+00:00","dateModified":"2019-09-07T07:24:40+00:00","inLanguage":"sr-RS","potentialAction":[{"@type":"ReadAction","target":["https:\/\/biseridunavaidjerdapa.rs\/en\/cacalica\/"]}]},{"@type":"WebSite","@id":"https:\/\/biseridunavaidjerdapa.rs\/#website","url":"https:\/\/biseridunavaidjerdapa.rs\/","name":"\u0411\u0438\u0441\u0435\u0440\u0438 \u0414\u0443\u043d\u0430\u0432\u0430 \u0438 \u0402\u0435\u0440\u0434\u0430\u043f\u0430","description":"","publisher":{"@id":"https:\/\/biseridunavaidjerdapa.rs\/#organization"},"potentialAction":[{"@type":"SearchAction","target":{"@type":"EntryPoint","urlTemplate":"https:\/\/biseridunavaidjerdapa.rs\/?s={search_term_string}"},"query-input":"required name=search_term_string"}],"inLanguage":"sr-RS"},{"@type":"Organization","@id":"https:\/\/biseridunavaidjerdapa.rs\/#organization","name":"\u0411\u0438\u0441\u0435\u0440\u0438 \u0414\u0443\u043d\u0430\u0432\u0430 \u0438 \u0402\u0435\u0440\u0434\u0430\u043f\u0430","url":"https:\/\/biseridunavaidjerdapa.rs\/","sameAs":["https:\/\/www.facebook.com\/biseriistocnesrbije.djerdap"],"logo":{"@type":"ImageObject","inLanguage":"sr-RS","@id":"https:\/\/biseridunavaidjerdapa.rs\/#\/schema\/logo\/image\/","url":"https:\/\/biseridunavaidjerdapa.rs\/wp-content\/uploads\/2019\/08\/Favicon.jpg","contentUrl":"https:\/\/biseridunavaidjerdapa.rs\/wp-content\/uploads\/2019\/08\/Favicon.jpg","width":512,"height":512,"caption":"\u0411\u0438\u0441\u0435\u0440\u0438 \u0414\u0443\u043d\u0430\u0432\u0430 \u0438 \u0402\u0435\u0440\u0434\u0430\u043f\u0430"},"image":{"@id":"https:\/\/biseridunavaidjerdapa.rs\/#\/schema\/logo\/image\/"}}]}},"_links":{"self":[{"href":"https:\/\/biseridunavaidjerdapa.rs\/en\/wp-json\/wp\/v2\/pages\/5681\/"}],"collection":[{"href":"https:\/\/biseridunavaidjerdapa.rs\/en\/wp-json\/wp\/v2\/pages\/"}],"about":[{"href":"https:\/\/biseridunavaidjerdapa.rs\/en\/wp-json\/wp\/v2\/types\/page\/"}],"author":[{"embeddable":true,"href":"https:\/\/biseridunavaidjerdapa.rs\/en\/wp-json\/wp\/v2\/users\/1\/"}],"replies":[{"embeddable":true,"href":"https:\/\/biseridunavaidjerdapa.rs\/en\/wp-json\/wp\/v2\/comments\/?post=5681"}],"version-history":[{"count":2,"href":"https:\/\/biseridunavaidjerdapa.rs\/en\/wp-json\/wp\/v2\/pages\/5681\/revisions\/"}],"predecessor-version":[{"id":5752,"href":"https:\/\/biseridunavaidjerdapa.rs\/en\/wp-json\/wp\/v2\/pages\/5681\/revisions\/5752\/"}],"wp:attachment":[{"href":"https:\/\/biseridunavaidjerdapa.rs\/en\/wp-json\/wp\/v2\/media\/?parent=5681"}],"curies":[{"name":"wp","href":"https:\/\/api.w.org\/{rel}","templated":true}]}}