{"id":5468,"date":"2019-09-05T16:18:48","date_gmt":"2019-09-05T16:18:48","guid":{"rendered":"https:\/\/biseridunavaidjerdapa.rs\/national-museum-pozarevac\/"},"modified":"2019-09-09T09:16:16","modified_gmt":"2019-09-09T09:16:16","slug":"national-museum-pozarevac","status":"publish","type":"page","link":"https:\/\/biseridunavaidjerdapa.rs\/en\/national-museum-pozarevac\/","title":{"rendered":"National Museum Po\u017earevac"},"content":{"rendered":"\t\t<div data-elementor-type=\"wp-post\" data-elementor-id=\"5468\" class=\"elementor elementor-5468\">\n\t\t\t\t\t\t<div class=\"elementor-inner\">\n\t\t\t\t<div class=\"elementor-section-wrap\">\n\t\t\t\t\t\t\t\t\t<section class=\"elementor-section elementor-top-section elementor-element elementor-element-2d980d72 elementor-section-stretched elementor-section-boxed elementor-section-height-default elementor-section-height-default\" data-id=\"2d980d72\" data-element_type=\"section\" data-settings=\"{&quot;stretch_section&quot;:&quot;section-stretched&quot;}\">\n\t\t\t\t\t\t<div class=\"elementor-container elementor-column-gap-default\">\n\t\t\t\t\t\t\t<div class=\"elementor-row\">\n\t\t\t\t\t<div class=\"aux-parallax-section elementor-column elementor-col-100 elementor-top-column elementor-element elementor-element-5b27a48d\" data-id=\"5b27a48d\" data-element_type=\"column\">\n\t\t\t<div class=\"elementor-column-wrap elementor-element-populated\">\n\t\t\t\t\t\t\t<div class=\"elementor-widget-wrap\">\n\t\t\t\t\t\t<div class=\"elementor-element elementor-element-e05245a elementor-widget elementor-widget-heading\" data-id=\"e05245a\" data-element_type=\"widget\" data-widget_type=\"heading.default\">\n\t\t\t\t<div class=\"elementor-widget-container\">\n\t\t\t<h1 class=\"elementor-heading-title elementor-size-default\">National Museum Po\u017earevac<\/h1>\t\t<\/div>\n\t\t\t\t<\/div>\n\t\t\t\t<div class=\"elementor-element elementor-element-220de241 elementor-widget elementor-widget-spacer\" data-id=\"220de241\" data-element_type=\"widget\" data-widget_type=\"spacer.default\">\n\t\t\t\t<div class=\"elementor-widget-container\">\n\t\t\t\t\t<div class=\"elementor-spacer\">\n\t\t\t<div class=\"elementor-spacer-inner\"><\/div>\n\t\t<\/div>\n\t\t\t\t<\/div>\n\t\t\t\t<\/div>\n\t\t\t\t<div class=\"elementor-element elementor-element-9c5b7f6 elementor-widget elementor-widget-text-editor\" data-id=\"9c5b7f6\" data-element_type=\"widget\" data-widget_type=\"text-editor.default\">\n\t\t\t\t<div class=\"elementor-widget-container\">\n\t\t\t\t\t\t\t\t<div class=\"elementor-text-editor elementor-clearfix\">\n\t\t\t\t<p>The Pozarevac National Museum was founded in 1895 and is the oldest in Serbia after the Belgrade National Museum. It is a complex type museum and holds over 50,000 museum objects from different epochs in its buildings. The archeological setting, prehistoric and antique collections are in the main building and there is a lapidarium in the courtyard. It exhibits sculptures, tombstones, sarcophagi, pieces of architectural plastic.<\/p>\n\t\t\t\t\t<\/div>\n\t\t\t\t\t\t<\/div>\n\t\t\t\t<\/div>\n\t\t\t\t\t\t<\/div>\n\t\t\t\t\t<\/div>\n\t\t<\/div>\n\t\t\t\t\t\t\t\t<\/div>\n\t\t\t\t\t<\/div>\n\t\t<\/section>\n\t\t\t\t<section class=\"elementor-section elementor-top-section elementor-element elementor-element-6094ba2 elementor-section-stretched elementor-section-full_width elementor-section-height-min-height elementor-section-items-bottom elementor-section-content-bottom elementor-section-height-default\" data-id=\"6094ba2\" data-element_type=\"section\" data-settings=\"{&quot;stretch_section&quot;:&quot;section-stretched&quot;,&quot;background_background&quot;:&quot;classic&quot;}\">\n\t\t\t\t\t\t<div class=\"elementor-container elementor-column-gap-no\">\n\t\t\t\t\t\t\t<div class=\"elementor-row\">\n\t\t\t\t\t<div class=\"aux-parallax-section elementor-column elementor-col-100 elementor-top-column elementor-element elementor-element-8826087\" data-id=\"8826087\" data-element_type=\"column\">\n\t\t\t<div class=\"elementor-column-wrap elementor-element-populated\">\n\t\t\t\t\t\t\t<div class=\"elementor-widget-wrap\">\n\t\t\t\t\t\t<div class=\"elementor-element elementor-element-a47fb69 elementor-widget elementor-widget-tp-row-background\" data-id=\"a47fb69\" data-element_type=\"widget\" data-widget_type=\"tp-row-background.default\">\n\t\t\t\t<div class=\"elementor-widget-container\">\n\t\t\t<script>\n(function($) {\n\t\t\t\t\t\t\"use strict\";\n\t\t\t\t\t\t$(document).ready(function(){\n\t\t\t\t\t\t$(\"#bgGallaryslide69ee1f2ba0d40\").vegas({\n\t\t\t\t\t\t\t\toverlay: \"\",\n\t\t\t\t\t\t\t\ttransitionDuration: 4e3,\n\t\t\t\t\t\t\t\tdelay: 3000,\n\t\t\t\t\t\t\t\tslides: [{src: \"https:\/\/biseridunavaidjerdapa.rs\/wp-content\/uploads\/2019\/08\/Muzej-Spolja.jpg\",transition: \"fade2\",transitionDuration: 2000},]\n\t\t\t\t\t\t\t});\t\t\n\t\t\t\t\t\t});\n\t\t\t\t\t\t})(jQuery);\n<\/script>\n<div id=\"pt-plus-row-settings\" class=\"pt-plus-row-set theplus_row69ee1f2ba0d36     \" data-no=\"theplus_row69ee1f2ba0d36\"  data-section-hidden=\"inherit\"><div  id=\"bgGallaryslide69ee1f2ba0d40\" class=\"pt-plus-row-slideshow \"><\/div><\/div>\t\t<\/div>\n\t\t\t\t<\/div>\n\t\t\t\t\t\t<\/div>\n\t\t\t\t\t<\/div>\n\t\t<\/div>\n\t\t\t\t\t\t\t\t<\/div>\n\t\t\t\t\t<\/div>\n\t\t<\/section>\n\t\t\t\t<section class=\"elementor-section elementor-top-section elementor-element elementor-element-107bd36b elementor-section-boxed elementor-section-height-default elementor-section-height-default\" data-id=\"107bd36b\" data-element_type=\"section\">\n\t\t\t\t\t\t<div class=\"elementor-container elementor-column-gap-default\">\n\t\t\t\t\t\t\t<div class=\"elementor-row\">\n\t\t\t\t\t<div class=\"aux-parallax-section elementor-column elementor-col-100 elementor-top-column elementor-element elementor-element-773b186c\" data-id=\"773b186c\" data-element_type=\"column\">\n\t\t\t<div class=\"elementor-column-wrap elementor-element-populated\">\n\t\t\t\t\t\t\t<div class=\"elementor-widget-wrap\">\n\t\t\t\t\t\t<div class=\"elementor-element elementor-element-4b6a98c4 elementor-widget elementor-widget-heading\" data-id=\"4b6a98c4\" data-element_type=\"widget\" data-widget_type=\"heading.default\">\n\t\t\t\t<div class=\"elementor-widget-container\">\n\t\t\t<h2 class=\"elementor-heading-title elementor-size-default\">The second oldest museum in Serbia<\/h2>\t\t<\/div>\n\t\t\t\t<\/div>\n\t\t\t\t<div class=\"elementor-element elementor-element-aaf3a58 elementor-widget elementor-widget-spacer\" data-id=\"aaf3a58\" data-element_type=\"widget\" data-widget_type=\"spacer.default\">\n\t\t\t\t<div class=\"elementor-widget-container\">\n\t\t\t\t\t<div class=\"elementor-spacer\">\n\t\t\t<div class=\"elementor-spacer-inner\"><\/div>\n\t\t<\/div>\n\t\t\t\t<\/div>\n\t\t\t\t<\/div>\n\t\t\t\t<div class=\"elementor-element elementor-element-1c7f67cf elementor-drop-cap-yes elementor-drop-cap-view-stacked elementor-widget elementor-widget-text-editor\" data-id=\"1c7f67cf\" data-element_type=\"widget\" data-settings=\"{&quot;drop_cap&quot;:&quot;yes&quot;}\" data-widget_type=\"text-editor.default\">\n\t\t\t\t<div class=\"elementor-widget-container\">\n\t\t\t\t\t\t\t\t<div class=\"elementor-text-editor elementor-clearfix\">\n\t\t\t\t<p>Miodrag Markovi\u0107&#8217;s legacy is a work of art, including works by Jovan Bijeli\u0107, Milan Konjovi\u0107, Zora Petrovi\u0107, Ljubica Soki\u0107, Pedja Milosavljevi\u0107.\u00a0The Museum of Cultural History holds items from the collection of applied art in a setting of civic culture from the late 19th and early 20th centuries.\u00a0The collection consists of collections of furniture, dishes, chandeliers, art paintings, and the most representative is the blue lounge with a painted ceiling, featuring performances of four seasons.\u00a0The interior of a Serbian house that follows the development of housing in Pozarevac in the 19th and early 20th centuries is displayed in the House of Dobrnjacs.\u00a0Through the architecture, ethnological objects, fine and applied art, one can look at the life of the Pozarevac civic house at that time.\u00a0A commemorative exhibition dedicated to the Peace of Pozarevac is a replica of the imperial tent in which peace was signed on Tulba Hill in 1718 and is a credible account of this historic event. On Tulba there is also an ethno park with authentic and typical objects of national construction, which shows the traditional values of folk architecture of the Branicevo district.\u00a0One of the most beautiful exhibition spaces in the center of Pozarevac is the Gallery of Contemporary Art, in which a large number of artists have exhibited so far<\/p>\n\t\t\t\t\t<\/div>\n\t\t\t\t\t\t<\/div>\n\t\t\t\t<\/div>\n\t\t\t\t<div class=\"elementor-element elementor-element-985ad0e elementor-widget elementor-widget-heading\" data-id=\"985ad0e\" data-element_type=\"widget\" data-widget_type=\"heading.default\">\n\t\t\t\t<div class=\"elementor-widget-container\">\n\t\t\t<h2 class=\"elementor-heading-title elementor-size-default\">Milena Pavlovi\u0107 Barili Gallery<\/h2>\t\t<\/div>\n\t\t\t\t<\/div>\n\t\t\t\t<div class=\"elementor-element elementor-element-c1f35d5 elementor-drop-cap-yes elementor-drop-cap-view-stacked elementor-widget elementor-widget-text-editor\" data-id=\"c1f35d5\" data-element_type=\"widget\" data-settings=\"{&quot;drop_cap&quot;:&quot;yes&quot;}\" data-widget_type=\"text-editor.default\">\n\t\t\t\t<div class=\"elementor-widget-container\">\n\t\t\t\t\t\t\t\t<div class=\"elementor-text-editor elementor-clearfix\">\n\t\t\t\t<p>One of the most interesting figures of artistic Europe between the two world wars, a painter, a poet of surrealism, an extraordinary woman Milena Pavlovic Barili can meet in the gallery that bears her name, in Pozarevac. Located in her hometown, it owns over 900 works of art by Milena Pavlovic Barili (oils, pastels, drawings, tempera, watercolors, prints), 40 of which are of major importance to the republic, as well as works from the Biennale collection and contemporary authors and works from the family art collection.<\/p>\n\t\t\t\t\t<\/div>\n\t\t\t\t\t\t<\/div>\n\t\t\t\t<\/div>\n\t\t\t\t\t\t<\/div>\n\t\t\t\t\t<\/div>\n\t\t<\/div>\n\t\t\t\t\t\t\t\t<\/div>\n\t\t\t\t\t<\/div>\n\t\t<\/section>\n\t\t\t\t<section class=\"elementor-section elementor-top-section elementor-element elementor-element-51f2ece elementor-section-boxed elementor-section-height-default elementor-section-height-default\" data-id=\"51f2ece\" data-element_type=\"section\" data-settings=\"{&quot;background_background&quot;:&quot;classic&quot;}\">\n\t\t\t\t\t\t<div class=\"elementor-container elementor-column-gap-default\">\n\t\t\t\t\t\t\t<div class=\"elementor-row\">\n\t\t\t\t\t<div class=\"aux-parallax-section elementor-column elementor-col-100 elementor-top-column elementor-element elementor-element-a723936\" data-id=\"a723936\" data-element_type=\"column\">\n\t\t\t<div class=\"elementor-column-wrap elementor-element-populated\">\n\t\t\t\t\t\t\t<div class=\"elementor-widget-wrap\">\n\t\t\t\t\t\t<div class=\"elementor-element elementor-element-d5a8524 elementor-widget elementor-widget-tp-google-map\" data-id=\"d5a8524\" data-element_type=\"widget\" data-widget_type=\"tp-google-map.default\">\n\t\t\t\t<div class=\"elementor-widget-container\">\n\t\t\t<div class=\"pt-plus-adv-gmap\"><div id=\"plus-gmap69ee1f2baa06e\" class=\"pt-plus-adv-map js-el \" data-id=\"plus-gmap69ee1f2baa06e\" data-adv-maps=\"{&quot;places&quot;:[{&quot;address&quot;:&quot;&lt;p&gt;Narodni muzej Po\\u017earevac&lt;\\\/p&gt;&quot;,&quot;latitude&quot;:&quot;44.621822&quot;,&quot;longitude&quot;:&quot;21.187077&quot;,&quot;pin_icon&quot;:&quot;&quot;}],&quot;options&quot;:{&quot;zoom&quot;:15,&quot;scrollwheel&quot;:false,&quot;draggable&quot;:true,&quot;panControl&quot;:true,&quot;zoomControl&quot;:true,&quot;scaleControl&quot;:true,&quot;mapTypeControl&quot;:true,&quot;fullscreenControl&quot;:true,&quot;streetViewControl&quot;:true,&quot;mapTypeId&quot;:&quot;ROADMAP&quot;},&quot;style&quot;:[]}\" data-map-style=\"style-4\"  ><\/div><\/div>\t\t<\/div>\n\t\t\t\t<\/div>\n\t\t\t\t\t\t<\/div>\n\t\t\t\t\t<\/div>\n\t\t<\/div>\n\t\t\t\t\t\t\t\t<\/div>\n\t\t\t\t\t<\/div>\n\t\t<\/section>\n\t\t\t\t<section class=\"elementor-section elementor-top-section elementor-element elementor-element-fe77b40 elementor-section-boxed elementor-section-height-default elementor-section-height-default\" data-id=\"fe77b40\" data-element_type=\"section\">\n\t\t\t\t\t\t<div class=\"elementor-container elementor-column-gap-default\">\n\t\t\t\t\t\t\t<div class=\"elementor-row\">\n\t\t\t\t\t<div class=\"aux-parallax-section elementor-column elementor-col-100 elementor-top-column elementor-element elementor-element-5c5b644\" data-id=\"5c5b644\" data-element_type=\"column\">\n\t\t\t<div class=\"elementor-column-wrap elementor-element-populated\">\n\t\t\t\t\t\t\t<div class=\"elementor-widget-wrap\">\n\t\t\t\t\t\t<div class=\"elementor-element elementor-element-ad79ad1 elementor-widget elementor-widget-heading\" data-id=\"ad79ad1\" data-element_type=\"widget\" data-widget_type=\"heading.default\">\n\t\t\t\t<div class=\"elementor-widget-container\">\n\t\t\t<h2 class=\"elementor-heading-title elementor-size-default\">Visit other <\/br> museums and galleries<\/h2>\t\t<\/div>\n\t\t\t\t<\/div>\n\t\t\t\t<div class=\"elementor-element elementor-element-88e9a20 elementor-widget elementor-widget-spacer\" data-id=\"88e9a20\" data-element_type=\"widget\" data-widget_type=\"spacer.default\">\n\t\t\t\t<div class=\"elementor-widget-container\">\n\t\t\t\t\t<div class=\"elementor-spacer\">\n\t\t\t<div class=\"elementor-spacer-inner\"><\/div>\n\t\t<\/div>\n\t\t\t\t<\/div>\n\t\t\t\t<\/div>\n\t\t\t\t\t\t<\/div>\n\t\t\t\t\t<\/div>\n\t\t<\/div>\n\t\t\t\t\t\t\t\t<\/div>\n\t\t\t\t\t<\/div>\n\t\t<\/section>\n\t\t\t\t<section class=\"elementor-section elementor-top-section elementor-element elementor-element-499d8df2 elementor-section-height-min-height elementor-section-boxed elementor-section-height-default elementor-section-items-middle\" data-id=\"499d8df2\" data-element_type=\"section\" data-settings=\"{&quot;background_background&quot;:&quot;classic&quot;}\">\n\t\t\t\t\t\t<div class=\"elementor-container elementor-column-gap-default\">\n\t\t\t\t\t\t\t<div class=\"elementor-row\">\n\t\t\t\t\t<div class=\"aux-parallax-section elementor-column elementor-col-100 elementor-top-column elementor-element elementor-element-46ccc68e\" data-id=\"46ccc68e\" data-element_type=\"column\" data-settings=\"{&quot;background_background&quot;:&quot;classic&quot;}\">\n\t\t\t<div class=\"elementor-column-wrap elementor-element-populated\">\n\t\t\t\t\t\t\t<div class=\"elementor-widget-wrap\">\n\t\t\t\t\t\t<div class=\"elementor-element elementor-element-2c662ae elementor-widget elementor-widget-tp-animated-service-boxes\" data-id=\"2c662ae\" data-element_type=\"widget\" data-widget_type=\"tp-animated-service-boxes.default\">\n\t\t\t\t<div class=\"elementor-widget-container\">\n\t\t\t<div id=ani_ser_box69ee1f2bb1faf\" class=\"pt_plus_asb_wrapper portfolio portfolio-style-1   \"  ><div class=\"asb_wrap_list tp-row\"><div class=\"portfolio-content-wrapper tp-col-md-6 tp-col-lg-6 tp-col-sm-12 tp-col-12\"><div class=\"service-item-loop      active-port \"  data-url=\"https:\/\/biseridunavaidjerdapa.rs\/wp-content\/uploads\/2019\/08\/Muzej-Veliko-Gradi\u0161te.jpg\" data-clickurl=\"https:\/\/biseridunavaidjerdapa.rs\/narodni-muzej-veliko-gradiste\/\"  data-phcolor=\"#373737\"  data-clicktext=\"Read more\"><a class=\"asb-title-link\" href=\"https:\/\/biseridunavaidjerdapa.rs\/narodni-muzej-veliko-gradiste\/\"><h6 class=\"asb-title \">National Museum Veliko Gradi\u0161te<\/h6><\/a>\r\n<\/div><div class=\"service-item-loop       \"  data-url=\"https:\/\/biseridunavaidjerdapa.rs\/wp-content\/uploads\/2019\/08\/Galerija-Pigoza.jpg\" data-clickurl=\"https:\/\/biseridunavaidjerdapa.rs\/galerija-pigoza-dusko-zeja-jovanovic\/\"  data-phcolor=\"#373737\"  data-clicktext=\"Read more\"><a class=\"asb-title-link\" href=\"https:\/\/biseridunavaidjerdapa.rs\/galerija-pigoza-dusko-zeja-jovanovic\/\"><h6 class=\"asb-title \">Gallery Pigoza<\/h6><\/a>\r\n<\/div><div class=\"service-item-loop       \"  data-url=\"https:\/\/biseridunavaidjerdapa.rs\/wp-content\/uploads\/2019\/08\/Muzej-Kladovo.jpg\" data-clickurl=\"https:\/\/biseridunavaidjerdapa.rs\/arheoloski-muzej-djerdap\/\"  data-phcolor=\"#373737\"  data-clicktext=\"Read more\"><a class=\"asb-title-link\" href=\"https:\/\/biseridunavaidjerdapa.rs\/arheoloski-muzej-djerdap\/\"><h6 class=\"asb-title \">Djerdap Archaeological Museum<\/h6><\/a>\r\n<\/div><div class=\"service-item-loop       \"  data-url=\"https:\/\/biseridunavaidjerdapa.rs\/wp-content\/uploads\/2019\/08\/Muzej-Negotinske-Krajine.jpg\" data-clickurl=\"https:\/\/biseridunavaidjerdapa.rs\/muzej-krajine\/\"  data-phcolor=\"#373737\"  data-clicktext=\"Read more\"><a class=\"asb-title-link\" href=\"https:\/\/biseridunavaidjerdapa.rs\/muzej-krajine\/\"><h6 class=\"asb-title \">Museum of Krajina<\/h6><\/a>\r\n<\/div><\/div><div class=\"portfolio-hover-wrapper tp-col-md-6 tp-col-lg-6 tp-col-sm-12 tp-col-12\"><div class=\"portfolio-hover-image\" style=\"background:url(https:\/\/biseridunavaidjerdapa.rs\/wp-content\/uploads\/2019\/08\/Muzej-Veliko-Gradi\u0161te.jpg) center\/cover\"><\/div><\/div><\/div><\/div>\t\t<\/div>\n\t\t\t\t<\/div>\n\t\t\t\t\t\t<\/div>\n\t\t\t\t\t<\/div>\n\t\t<\/div>\n\t\t\t\t\t\t\t\t<\/div>\n\t\t\t\t\t<\/div>\n\t\t<\/section>\n\t\t\t\t\t\t\t\t\t<\/div>\n\t\t\t<\/div>\n\t\t\t\t\t<\/div>\n\t\t","protected":false},"excerpt":{"rendered":"<p>National Museum Po\u017earevac The Pozarevac National Museum was founded in 1895 and is the oldest in Serbia after the Belgrade National Museum. It is a complex type museum and holds over 50,000 museum objects from different epochs in its buildings. The archeological setting, prehistoric and antique collections are in the main building and there is [&hellip;]<\/p>\n","protected":false},"author":1,"featured_media":0,"parent":0,"menu_order":0,"comment_status":"closed","ping_status":"closed","template":"elementor_header_footer","meta":[],"yoast_head":"<!-- This site is optimized with the Yoast SEO plugin v19.8 - https:\/\/yoast.com\/wordpress\/plugins\/seo\/ -->\n<title>National Museum Po\u017earevac - \u0411\u0438\u0441\u0435\u0440\u0438 \u0414\u0443\u043d\u0430\u0432\u0430 \u0438 \u0402\u0435\u0440\u0434\u0430\u043f\u0430<\/title>\n<meta name=\"robots\" content=\"index, follow, max-snippet:-1, max-image-preview:large, max-video-preview:-1\" \/>\n<link rel=\"canonical\" href=\"https:\/\/biseridunavaidjerdapa.rs\/national-museum-pozarevac\/\" \/>\n<meta property=\"og:locale\" content=\"sr_RS\" \/>\n<meta property=\"og:type\" content=\"article\" \/>\n<meta property=\"og:title\" content=\"National Museum Po\u017earevac - \u0411\u0438\u0441\u0435\u0440\u0438 \u0414\u0443\u043d\u0430\u0432\u0430 \u0438 \u0402\u0435\u0440\u0434\u0430\u043f\u0430\" \/>\n<meta property=\"og:description\" content=\"National Museum Po\u017earevac The Pozarevac National Museum was founded in 1895 and is the oldest in Serbia after the Belgrade National Museum. It is a complex type museum and holds over 50,000 museum objects from different epochs in its buildings. The archeological setting, prehistoric and antique collections are in the main building and there is [&hellip;]\" \/>\n<meta property=\"og:url\" content=\"https:\/\/biseridunavaidjerdapa.rs\/en\/national-museum-pozarevac\/\" \/>\n<meta property=\"og:site_name\" content=\"\u0411\u0438\u0441\u0435\u0440\u0438 \u0414\u0443\u043d\u0430\u0432\u0430 \u0438 \u0402\u0435\u0440\u0434\u0430\u043f\u0430\" \/>\n<meta property=\"article:publisher\" content=\"https:\/\/www.facebook.com\/biseriistocnesrbije.djerdap\" \/>\n<meta property=\"article:modified_time\" content=\"2019-09-09T09:16:16+00:00\" \/>\n<meta property=\"og:image\" content=\"https:\/\/biseridunavaidjerdapa.rs\/wp-content\/uploads\/2019\/09\/Biseri-Dunava-i-Djerdapa.jpg\" \/>\n\t<meta property=\"og:image:width\" content=\"1280\" \/>\n\t<meta property=\"og:image:height\" content=\"850\" \/>\n\t<meta property=\"og:image:type\" content=\"image\/jpeg\" \/>\n<meta name=\"twitter:card\" content=\"summary_large_image\" \/>\n<meta name=\"twitter:label1\" content=\"\u041f\u0440\u043e\u0446\u0435\u045a\u0435\u043d\u043e \u0432\u0440\u0435\u043c\u0435 \u0447\u0438\u0442\u0430\u045a\u0430\" \/>\n\t<meta name=\"twitter:data1\" content=\"2 \u043c\u0438\u043d\u0443\u0442\u0430\" \/>\n<script type=\"application\/ld+json\" class=\"yoast-schema-graph\">{\"@context\":\"https:\/\/schema.org\",\"@graph\":[{\"@type\":\"WebPage\",\"@id\":\"https:\/\/biseridunavaidjerdapa.rs\/en\/national-museum-pozarevac\/\",\"url\":\"https:\/\/biseridunavaidjerdapa.rs\/en\/national-museum-pozarevac\/\",\"name\":\"National Museum Po\u017earevac - \u0411\u0438\u0441\u0435\u0440\u0438 \u0414\u0443\u043d\u0430\u0432\u0430 \u0438 \u0402\u0435\u0440\u0434\u0430\u043f\u0430\",\"isPartOf\":{\"@id\":\"https:\/\/biseridunavaidjerdapa.rs\/#website\"},\"datePublished\":\"2019-09-05T16:18:48+00:00\",\"dateModified\":\"2019-09-09T09:16:16+00:00\",\"inLanguage\":\"sr-RS\",\"potentialAction\":[{\"@type\":\"ReadAction\",\"target\":[\"https:\/\/biseridunavaidjerdapa.rs\/en\/national-museum-pozarevac\/\"]}]},{\"@type\":\"WebSite\",\"@id\":\"https:\/\/biseridunavaidjerdapa.rs\/#website\",\"url\":\"https:\/\/biseridunavaidjerdapa.rs\/\",\"name\":\"\u0411\u0438\u0441\u0435\u0440\u0438 \u0414\u0443\u043d\u0430\u0432\u0430 \u0438 \u0402\u0435\u0440\u0434\u0430\u043f\u0430\",\"description\":\"\",\"publisher\":{\"@id\":\"https:\/\/biseridunavaidjerdapa.rs\/#organization\"},\"potentialAction\":[{\"@type\":\"SearchAction\",\"target\":{\"@type\":\"EntryPoint\",\"urlTemplate\":\"https:\/\/biseridunavaidjerdapa.rs\/?s={search_term_string}\"},\"query-input\":\"required name=search_term_string\"}],\"inLanguage\":\"sr-RS\"},{\"@type\":\"Organization\",\"@id\":\"https:\/\/biseridunavaidjerdapa.rs\/#organization\",\"name\":\"\u0411\u0438\u0441\u0435\u0440\u0438 \u0414\u0443\u043d\u0430\u0432\u0430 \u0438 \u0402\u0435\u0440\u0434\u0430\u043f\u0430\",\"url\":\"https:\/\/biseridunavaidjerdapa.rs\/\",\"sameAs\":[\"https:\/\/www.facebook.com\/biseriistocnesrbije.djerdap\"],\"logo\":{\"@type\":\"ImageObject\",\"inLanguage\":\"sr-RS\",\"@id\":\"https:\/\/biseridunavaidjerdapa.rs\/#\/schema\/logo\/image\/\",\"url\":\"https:\/\/biseridunavaidjerdapa.rs\/wp-content\/uploads\/2019\/08\/Favicon.jpg\",\"contentUrl\":\"https:\/\/biseridunavaidjerdapa.rs\/wp-content\/uploads\/2019\/08\/Favicon.jpg\",\"width\":512,\"height\":512,\"caption\":\"\u0411\u0438\u0441\u0435\u0440\u0438 \u0414\u0443\u043d\u0430\u0432\u0430 \u0438 \u0402\u0435\u0440\u0434\u0430\u043f\u0430\"},\"image\":{\"@id\":\"https:\/\/biseridunavaidjerdapa.rs\/#\/schema\/logo\/image\/\"}}]}<\/script>\n<!-- \/ Yoast SEO plugin. -->","yoast_head_json":{"title":"National Museum Po\u017earevac - \u0411\u0438\u0441\u0435\u0440\u0438 \u0414\u0443\u043d\u0430\u0432\u0430 \u0438 \u0402\u0435\u0440\u0434\u0430\u043f\u0430","robots":{"index":"index","follow":"follow","max-snippet":"max-snippet:-1","max-image-preview":"max-image-preview:large","max-video-preview":"max-video-preview:-1"},"canonical":"https:\/\/biseridunavaidjerdapa.rs\/national-museum-pozarevac\/","og_locale":"sr_RS","og_type":"article","og_title":"National Museum Po\u017earevac - \u0411\u0438\u0441\u0435\u0440\u0438 \u0414\u0443\u043d\u0430\u0432\u0430 \u0438 \u0402\u0435\u0440\u0434\u0430\u043f\u0430","og_description":"National Museum Po\u017earevac The Pozarevac National Museum was founded in 1895 and is the oldest in Serbia after the Belgrade National Museum. It is a complex type museum and holds over 50,000 museum objects from different epochs in its buildings. The archeological setting, prehistoric and antique collections are in the main building and there is [&hellip;]","og_url":"https:\/\/biseridunavaidjerdapa.rs\/en\/national-museum-pozarevac\/","og_site_name":"\u0411\u0438\u0441\u0435\u0440\u0438 \u0414\u0443\u043d\u0430\u0432\u0430 \u0438 \u0402\u0435\u0440\u0434\u0430\u043f\u0430","article_publisher":"https:\/\/www.facebook.com\/biseriistocnesrbije.djerdap","article_modified_time":"2019-09-09T09:16:16+00:00","og_image":[{"width":1280,"height":850,"url":"https:\/\/biseridunavaidjerdapa.rs\/wp-content\/uploads\/2019\/09\/Biseri-Dunava-i-Djerdapa.jpg","type":"image\/jpeg"}],"twitter_card":"summary_large_image","twitter_misc":{"\u041f\u0440\u043e\u0446\u0435\u045a\u0435\u043d\u043e \u0432\u0440\u0435\u043c\u0435 \u0447\u0438\u0442\u0430\u045a\u0430":"2 \u043c\u0438\u043d\u0443\u0442\u0430"},"schema":{"@context":"https:\/\/schema.org","@graph":[{"@type":"WebPage","@id":"https:\/\/biseridunavaidjerdapa.rs\/en\/national-museum-pozarevac\/","url":"https:\/\/biseridunavaidjerdapa.rs\/en\/national-museum-pozarevac\/","name":"National Museum Po\u017earevac - \u0411\u0438\u0441\u0435\u0440\u0438 \u0414\u0443\u043d\u0430\u0432\u0430 \u0438 \u0402\u0435\u0440\u0434\u0430\u043f\u0430","isPartOf":{"@id":"https:\/\/biseridunavaidjerdapa.rs\/#website"},"datePublished":"2019-09-05T16:18:48+00:00","dateModified":"2019-09-09T09:16:16+00:00","inLanguage":"sr-RS","potentialAction":[{"@type":"ReadAction","target":["https:\/\/biseridunavaidjerdapa.rs\/en\/national-museum-pozarevac\/"]}]},{"@type":"WebSite","@id":"https:\/\/biseridunavaidjerdapa.rs\/#website","url":"https:\/\/biseridunavaidjerdapa.rs\/","name":"\u0411\u0438\u0441\u0435\u0440\u0438 \u0414\u0443\u043d\u0430\u0432\u0430 \u0438 \u0402\u0435\u0440\u0434\u0430\u043f\u0430","description":"","publisher":{"@id":"https:\/\/biseridunavaidjerdapa.rs\/#organization"},"potentialAction":[{"@type":"SearchAction","target":{"@type":"EntryPoint","urlTemplate":"https:\/\/biseridunavaidjerdapa.rs\/?s={search_term_string}"},"query-input":"required name=search_term_string"}],"inLanguage":"sr-RS"},{"@type":"Organization","@id":"https:\/\/biseridunavaidjerdapa.rs\/#organization","name":"\u0411\u0438\u0441\u0435\u0440\u0438 \u0414\u0443\u043d\u0430\u0432\u0430 \u0438 \u0402\u0435\u0440\u0434\u0430\u043f\u0430","url":"https:\/\/biseridunavaidjerdapa.rs\/","sameAs":["https:\/\/www.facebook.com\/biseriistocnesrbije.djerdap"],"logo":{"@type":"ImageObject","inLanguage":"sr-RS","@id":"https:\/\/biseridunavaidjerdapa.rs\/#\/schema\/logo\/image\/","url":"https:\/\/biseridunavaidjerdapa.rs\/wp-content\/uploads\/2019\/08\/Favicon.jpg","contentUrl":"https:\/\/biseridunavaidjerdapa.rs\/wp-content\/uploads\/2019\/08\/Favicon.jpg","width":512,"height":512,"caption":"\u0411\u0438\u0441\u0435\u0440\u0438 \u0414\u0443\u043d\u0430\u0432\u0430 \u0438 \u0402\u0435\u0440\u0434\u0430\u043f\u0430"},"image":{"@id":"https:\/\/biseridunavaidjerdapa.rs\/#\/schema\/logo\/image\/"}}]}},"_links":{"self":[{"href":"https:\/\/biseridunavaidjerdapa.rs\/en\/wp-json\/wp\/v2\/pages\/5468\/"}],"collection":[{"href":"https:\/\/biseridunavaidjerdapa.rs\/en\/wp-json\/wp\/v2\/pages\/"}],"about":[{"href":"https:\/\/biseridunavaidjerdapa.rs\/en\/wp-json\/wp\/v2\/types\/page\/"}],"author":[{"embeddable":true,"href":"https:\/\/biseridunavaidjerdapa.rs\/en\/wp-json\/wp\/v2\/users\/1\/"}],"replies":[{"embeddable":true,"href":"https:\/\/biseridunavaidjerdapa.rs\/en\/wp-json\/wp\/v2\/comments\/?post=5468"}],"version-history":[{"count":4,"href":"https:\/\/biseridunavaidjerdapa.rs\/en\/wp-json\/wp\/v2\/pages\/5468\/revisions\/"}],"predecessor-version":[{"id":6166,"href":"https:\/\/biseridunavaidjerdapa.rs\/en\/wp-json\/wp\/v2\/pages\/5468\/revisions\/6166\/"}],"wp:attachment":[{"href":"https:\/\/biseridunavaidjerdapa.rs\/en\/wp-json\/wp\/v2\/media\/?parent=5468"}],"curies":[{"name":"wp","href":"https:\/\/api.w.org\/{rel}","templated":true}]}}