{"id":4898,"date":"2019-08-27T04:43:33","date_gmt":"2019-08-27T04:43:33","guid":{"rendered":"https:\/\/biseridunavaidjerdapa.rs\/the-danube\/"},"modified":"2019-09-09T08:59:01","modified_gmt":"2019-09-09T08:59:01","slug":"danube","status":"publish","type":"page","link":"https:\/\/biseridunavaidjerdapa.rs\/en\/danube\/","title":{"rendered":"Danube"},"content":{"rendered":"\t\t<div data-elementor-type=\"wp-post\" data-elementor-id=\"4898\" class=\"elementor elementor-4898\">\n\t\t\t\t\t\t<div class=\"elementor-inner\">\n\t\t\t\t<div class=\"elementor-section-wrap\">\n\t\t\t\t\t\t\t\t\t<section class=\"elementor-section elementor-top-section elementor-element elementor-element-235ac606 elementor-section-stretched elementor-section-boxed elementor-section-height-default elementor-section-height-default\" data-id=\"235ac606\" data-element_type=\"section\" data-settings=\"{&quot;stretch_section&quot;:&quot;section-stretched&quot;}\">\n\t\t\t\t\t\t<div class=\"elementor-container elementor-column-gap-default\">\n\t\t\t\t\t\t\t<div class=\"elementor-row\">\n\t\t\t\t\t<div class=\"aux-parallax-section elementor-column elementor-col-100 elementor-top-column elementor-element elementor-element-487a494c\" data-id=\"487a494c\" data-element_type=\"column\">\n\t\t\t<div class=\"elementor-column-wrap elementor-element-populated\">\n\t\t\t\t\t\t\t<div class=\"elementor-widget-wrap\">\n\t\t\t\t\t\t<div class=\"elementor-element elementor-element-4794be6f elementor-widget elementor-widget-heading\" data-id=\"4794be6f\" data-element_type=\"widget\" data-widget_type=\"heading.default\">\n\t\t\t\t<div class=\"elementor-widget-container\">\n\t\t\t<h1 class=\"elementor-heading-title elementor-size-default\">The Danube<\/h1>\t\t<\/div>\n\t\t\t\t<\/div>\n\t\t\t\t<div class=\"elementor-element elementor-element-520d443 elementor-widget elementor-widget-spacer\" data-id=\"520d443\" data-element_type=\"widget\" data-widget_type=\"spacer.default\">\n\t\t\t\t<div class=\"elementor-widget-container\">\n\t\t\t\t\t<div class=\"elementor-spacer\">\n\t\t\t<div class=\"elementor-spacer-inner\"><\/div>\n\t\t<\/div>\n\t\t\t\t<\/div>\n\t\t\t\t<\/div>\n\t\t\t\t<div class=\"elementor-element elementor-element-315c38e3 elementor-widget elementor-widget-text-editor\" data-id=\"315c38e3\" data-element_type=\"widget\" data-widget_type=\"text-editor.default\">\n\t\t\t\t<div class=\"elementor-widget-container\">\n\t\t\t\t\t\t\t\t<div class=\"elementor-text-editor elementor-clearfix\">\n\t\t\t\t<p>Unique in so many ways. It runs through 10 states and 4 Europian Capitals. It&#8217;s created from rivers Breg and Brigah in Schwarzwald and after 2850 km, it floes into a Black Sea. It is the only river that flows from west to east and it&#8217;s a symbolic border between east and the west.<\/p>\n\t\t\t\t\t<\/div>\n\t\t\t\t\t\t<\/div>\n\t\t\t\t<\/div>\n\t\t\t\t\t\t<\/div>\n\t\t\t\t\t<\/div>\n\t\t<\/div>\n\t\t\t\t\t\t\t\t<\/div>\n\t\t\t\t\t<\/div>\n\t\t<\/section>\n\t\t\t\t<section class=\"elementor-section elementor-top-section elementor-element elementor-element-6cee2289 elementor-section-full_width elementor-section-height-default elementor-section-height-default\" data-id=\"6cee2289\" data-element_type=\"section\" data-settings=\"{&quot;background_background&quot;:&quot;classic&quot;}\">\n\t\t\t\t\t\t<div class=\"elementor-container elementor-column-gap-default\">\n\t\t\t\t\t\t\t<div class=\"elementor-row\">\n\t\t\t\t\t<div class=\"aux-parallax-section elementor-column elementor-col-100 elementor-top-column elementor-element elementor-element-67734d8e\" data-id=\"67734d8e\" data-element_type=\"column\">\n\t\t\t<div class=\"elementor-column-wrap elementor-element-populated\">\n\t\t\t\t\t\t\t<div class=\"elementor-widget-wrap\">\n\t\t\t\t\t\t<div class=\"elementor-element elementor-element-be8f319 elementor-widget elementor-widget-image\" data-id=\"be8f319\" data-element_type=\"widget\" data-widget_type=\"image.default\">\n\t\t\t\t<div class=\"elementor-widget-container\">\n\t\t\t\t\t\t\t\t<div class=\"elementor-image\">\n\t\t\t\t\t\t\t\t\t\t\t\t<img width=\"1920\" height=\"1080\" src=\"https:\/\/biseridunavaidjerdapa.rs\/wp-content\/uploads\/2019\/08\/Dunav.jpg\" class=\"attachment-full size-full\" alt=\"\" \/>\t\t\t\t\t\t\t\t\t\t\t\t\t\t<\/div>\n\t\t\t\t\t\t<\/div>\n\t\t\t\t<\/div>\n\t\t\t\t\t\t<\/div>\n\t\t\t\t\t<\/div>\n\t\t<\/div>\n\t\t\t\t\t\t\t\t<\/div>\n\t\t\t\t\t<\/div>\n\t\t<\/section>\n\t\t\t\t<section class=\"elementor-section elementor-top-section elementor-element elementor-element-6cfe902e elementor-section-boxed elementor-section-height-default elementor-section-height-default\" data-id=\"6cfe902e\" data-element_type=\"section\">\n\t\t\t\t\t\t<div class=\"elementor-container elementor-column-gap-default\">\n\t\t\t\t\t\t\t<div class=\"elementor-row\">\n\t\t\t\t\t<div class=\"aux-parallax-section elementor-column elementor-col-100 elementor-top-column elementor-element elementor-element-2ec33190\" data-id=\"2ec33190\" data-element_type=\"column\">\n\t\t\t<div class=\"elementor-column-wrap elementor-element-populated\">\n\t\t\t\t\t\t\t<div class=\"elementor-widget-wrap\">\n\t\t\t\t\t\t<div class=\"elementor-element elementor-element-506825fc elementor-widget elementor-widget-heading\" data-id=\"506825fc\" data-element_type=\"widget\" data-widget_type=\"heading.default\">\n\t\t\t\t<div class=\"elementor-widget-container\">\n\t\t\t<h2 class=\"elementor-heading-title elementor-size-default\">Danube<\/br> \u0110erdap painter<\/h2>\t\t<\/div>\n\t\t\t\t<\/div>\n\t\t\t\t<div class=\"elementor-element elementor-element-73a14dad elementor-widget elementor-widget-spacer\" data-id=\"73a14dad\" data-element_type=\"widget\" data-widget_type=\"spacer.default\">\n\t\t\t\t<div class=\"elementor-widget-container\">\n\t\t\t\t\t<div class=\"elementor-spacer\">\n\t\t\t<div class=\"elementor-spacer-inner\"><\/div>\n\t\t<\/div>\n\t\t\t\t<\/div>\n\t\t\t\t<\/div>\n\t\t\t\t<div class=\"elementor-element elementor-element-3cc110de elementor-drop-cap-yes elementor-drop-cap-view-stacked elementor-widget elementor-widget-text-editor\" data-id=\"3cc110de\" data-element_type=\"widget\" data-settings=\"{&quot;drop_cap&quot;:&quot;yes&quot;}\" data-widget_type=\"text-editor.default\">\n\t\t\t\t<div class=\"elementor-widget-container\">\n\t\t\t\t\t\t\t\t<div class=\"elementor-text-editor elementor-clearfix\">\n\t\t\t\t<p>It is most popular for river cruises. Thanks ti Strauss, the Danube has it&#8217;s waltzes. It is a most named river in the world.Thracians called it Istros, Scythians called it Mataos, ancient Romans called it Danister or Danubius and the Greeks called it Dunavius. In Germany and Austria it is known as Donau and as Duna in Hungary. Romanians call it Dunarea and Russians and Slovaks &#8211; Dunaj. &#8222;Le Danibe&#8220; is French, Tuna is Turkish, while Croats, Bulgarians and Serbs call it &#8211; Dunav.<\/p>\n<p>The Danube course through Serbia is 558 km and seven forts have been located on its shores to witness the centuries passing by: Ba\u010d, Petrovaradin, Kalemegdan, Smederevo, Ram, Golubac i Fetislam. There are also archeological sites Vin\u010da, Viminacium, Lepenski vir. Also there&#8217;s \u0110erdap, the longest European canyon, and two National parks &#8211; Fru\u0161ka gora and \u0110erdap. The Danube has a very unique way of showing variety, complexity and beauty of Serbia. And the most beautiful part is in \u0110erdap.<\/p>\n\t\t\t\t\t<\/div>\n\t\t\t\t\t\t<\/div>\n\t\t\t\t<\/div>\n\t\t\t\t\t\t<\/div>\n\t\t\t\t\t<\/div>\n\t\t<\/div>\n\t\t\t\t\t\t\t\t<\/div>\n\t\t\t\t\t<\/div>\n\t\t<\/section>\n\t\t\t\t<section class=\"elementor-section elementor-top-section elementor-element elementor-element-3e3c02c1 elementor-section-stretched elementor-section-full_width elementor-section-height-min-height elementor-section-items-bottom elementor-section-content-bottom elementor-section-height-default\" data-id=\"3e3c02c1\" data-element_type=\"section\" data-settings=\"{&quot;stretch_section&quot;:&quot;section-stretched&quot;,&quot;background_background&quot;:&quot;classic&quot;}\">\n\t\t\t\t\t\t<div class=\"elementor-container elementor-column-gap-no\">\n\t\t\t\t\t\t\t<div class=\"elementor-row\">\n\t\t\t\t\t<div class=\"aux-parallax-section elementor-column elementor-col-100 elementor-top-column elementor-element elementor-element-7c83801c\" data-id=\"7c83801c\" data-element_type=\"column\">\n\t\t\t<div class=\"elementor-column-wrap elementor-element-populated\">\n\t\t\t\t\t\t\t<div class=\"elementor-widget-wrap\">\n\t\t\t\t\t\t<div class=\"elementor-element elementor-element-62f96782 elementor-widget elementor-widget-tp-row-background\" data-id=\"62f96782\" data-element_type=\"widget\" data-widget_type=\"tp-row-background.default\">\n\t\t\t\t<div class=\"elementor-widget-container\">\n\t\t\t<script>\n(function($) {\n\t\t\t\t\t\t\"use strict\";\n\t\t\t\t\t\t$(document).ready(function(){\n\t\t\t\t\t\t$(\"#bgGallaryslide69f009a097c1e\").vegas({\n\t\t\t\t\t\t\t\toverlay: \"\",\n\t\t\t\t\t\t\t\ttransitionDuration: 4e3,\n\t\t\t\t\t\t\t\tdelay: 3000,\n\t\t\t\t\t\t\t\tslides: [{src: \"https:\/\/biseridunavaidjerdapa.rs\/wp-content\/uploads\/2019\/08\/Dunav-4.jpg\",transition: \"fade2\",transitionDuration: 2000},{src: \"https:\/\/biseridunavaidjerdapa.rs\/wp-content\/uploads\/2019\/08\/Dunav-1-1.jpg\",transition: \"fade2\",transitionDuration: 2000},{src: \"https:\/\/biseridunavaidjerdapa.rs\/wp-content\/uploads\/2019\/08\/Dunav-2.jpg\",transition: \"fade2\",transitionDuration: 2000},{src: \"https:\/\/biseridunavaidjerdapa.rs\/wp-content\/uploads\/2019\/08\/Dunav-3.jpg\",transition: \"fade2\",transitionDuration: 2000},]\n\t\t\t\t\t\t\t});\t\t\n\t\t\t\t\t\t});\n\t\t\t\t\t\t})(jQuery);\n<\/script>\n<div id=\"pt-plus-row-settings\" class=\"pt-plus-row-set theplus_row69f009a097c0f     \" data-no=\"theplus_row69f009a097c0f\"  data-section-hidden=\"inherit\"><div  id=\"bgGallaryslide69f009a097c1e\" class=\"pt-plus-row-slideshow \"><\/div><\/div>\t\t<\/div>\n\t\t\t\t<\/div>\n\t\t\t\t\t\t<\/div>\n\t\t\t\t\t<\/div>\n\t\t<\/div>\n\t\t\t\t\t\t\t\t<\/div>\n\t\t\t\t\t<\/div>\n\t\t<\/section>\n\t\t\t\t\t\t\t\t\t<\/div>\n\t\t\t<\/div>\n\t\t\t\t\t<\/div>\n\t\t","protected":false},"excerpt":{"rendered":"<p>The Danube Unique in so many ways. It runs through 10 states and 4 Europian Capitals. It&#8217;s created from rivers Breg and Brigah in Schwarzwald and after 2850 km, it floes into a Black Sea. It is the only river that flows from west to east and it&#8217;s a symbolic border between east and the [&hellip;]<\/p>\n","protected":false},"author":1,"featured_media":0,"parent":0,"menu_order":0,"comment_status":"closed","ping_status":"closed","template":"elementor_header_footer","meta":[],"yoast_head":"<!-- This site is optimized with the Yoast SEO plugin v19.8 - https:\/\/yoast.com\/wordpress\/plugins\/seo\/ -->\n<title>Danube - \u0411\u0438\u0441\u0435\u0440\u0438 \u0414\u0443\u043d\u0430\u0432\u0430 \u0438 \u0402\u0435\u0440\u0434\u0430\u043f\u0430<\/title>\n<meta name=\"robots\" content=\"index, follow, max-snippet:-1, max-image-preview:large, max-video-preview:-1\" \/>\n<link rel=\"canonical\" href=\"https:\/\/biseridunavaidjerdapa.rs\/danube\/\" \/>\n<meta property=\"og:locale\" content=\"sr_RS\" \/>\n<meta property=\"og:type\" content=\"article\" \/>\n<meta property=\"og:title\" content=\"Danube - \u0411\u0438\u0441\u0435\u0440\u0438 \u0414\u0443\u043d\u0430\u0432\u0430 \u0438 \u0402\u0435\u0440\u0434\u0430\u043f\u0430\" \/>\n<meta property=\"og:description\" content=\"The Danube Unique in so many ways. It runs through 10 states and 4 Europian Capitals. It&#8217;s created from rivers Breg and Brigah in Schwarzwald and after 2850 km, it floes into a Black Sea. It is the only river that flows from west to east and it&#8217;s a symbolic border between east and the [&hellip;]\" \/>\n<meta property=\"og:url\" content=\"https:\/\/biseridunavaidjerdapa.rs\/en\/danube\/\" \/>\n<meta property=\"og:site_name\" content=\"\u0411\u0438\u0441\u0435\u0440\u0438 \u0414\u0443\u043d\u0430\u0432\u0430 \u0438 \u0402\u0435\u0440\u0434\u0430\u043f\u0430\" \/>\n<meta property=\"article:publisher\" content=\"https:\/\/www.facebook.com\/biseriistocnesrbije.djerdap\" \/>\n<meta property=\"article:modified_time\" content=\"2019-09-09T08:59:01+00:00\" \/>\n<meta property=\"og:image\" content=\"https:\/\/biseridunavaidjerdapa.rs\/wp-content\/uploads\/2019\/08\/Dunav.jpg\" \/>\n<meta name=\"twitter:card\" content=\"summary_large_image\" \/>\n<meta name=\"twitter:label1\" content=\"\u041f\u0440\u043e\u0446\u0435\u045a\u0435\u043d\u043e \u0432\u0440\u0435\u043c\u0435 \u0447\u0438\u0442\u0430\u045a\u0430\" \/>\n\t<meta name=\"twitter:data1\" content=\"1 \u043c\u0438\u043d\u0443\u0442\" \/>\n<script type=\"application\/ld+json\" class=\"yoast-schema-graph\">{\"@context\":\"https:\/\/schema.org\",\"@graph\":[{\"@type\":\"WebPage\",\"@id\":\"https:\/\/biseridunavaidjerdapa.rs\/en\/danube\/\",\"url\":\"https:\/\/biseridunavaidjerdapa.rs\/en\/danube\/\",\"name\":\"Danube - \u0411\u0438\u0441\u0435\u0440\u0438 \u0414\u0443\u043d\u0430\u0432\u0430 \u0438 \u0402\u0435\u0440\u0434\u0430\u043f\u0430\",\"isPartOf\":{\"@id\":\"https:\/\/biseridunavaidjerdapa.rs\/#website\"},\"datePublished\":\"2019-08-27T04:43:33+00:00\",\"dateModified\":\"2019-09-09T08:59:01+00:00\",\"inLanguage\":\"sr-RS\",\"potentialAction\":[{\"@type\":\"ReadAction\",\"target\":[\"https:\/\/biseridunavaidjerdapa.rs\/en\/danube\/\"]}]},{\"@type\":\"WebSite\",\"@id\":\"https:\/\/biseridunavaidjerdapa.rs\/#website\",\"url\":\"https:\/\/biseridunavaidjerdapa.rs\/\",\"name\":\"\u0411\u0438\u0441\u0435\u0440\u0438 \u0414\u0443\u043d\u0430\u0432\u0430 \u0438 \u0402\u0435\u0440\u0434\u0430\u043f\u0430\",\"description\":\"\",\"publisher\":{\"@id\":\"https:\/\/biseridunavaidjerdapa.rs\/#organization\"},\"potentialAction\":[{\"@type\":\"SearchAction\",\"target\":{\"@type\":\"EntryPoint\",\"urlTemplate\":\"https:\/\/biseridunavaidjerdapa.rs\/?s={search_term_string}\"},\"query-input\":\"required name=search_term_string\"}],\"inLanguage\":\"sr-RS\"},{\"@type\":\"Organization\",\"@id\":\"https:\/\/biseridunavaidjerdapa.rs\/#organization\",\"name\":\"\u0411\u0438\u0441\u0435\u0440\u0438 \u0414\u0443\u043d\u0430\u0432\u0430 \u0438 \u0402\u0435\u0440\u0434\u0430\u043f\u0430\",\"url\":\"https:\/\/biseridunavaidjerdapa.rs\/\",\"sameAs\":[\"https:\/\/www.facebook.com\/biseriistocnesrbije.djerdap\"],\"logo\":{\"@type\":\"ImageObject\",\"inLanguage\":\"sr-RS\",\"@id\":\"https:\/\/biseridunavaidjerdapa.rs\/#\/schema\/logo\/image\/\",\"url\":\"https:\/\/biseridunavaidjerdapa.rs\/wp-content\/uploads\/2019\/08\/Favicon.jpg\",\"contentUrl\":\"https:\/\/biseridunavaidjerdapa.rs\/wp-content\/uploads\/2019\/08\/Favicon.jpg\",\"width\":512,\"height\":512,\"caption\":\"\u0411\u0438\u0441\u0435\u0440\u0438 \u0414\u0443\u043d\u0430\u0432\u0430 \u0438 \u0402\u0435\u0440\u0434\u0430\u043f\u0430\"},\"image\":{\"@id\":\"https:\/\/biseridunavaidjerdapa.rs\/#\/schema\/logo\/image\/\"}}]}<\/script>\n<!-- \/ Yoast SEO plugin. -->","yoast_head_json":{"title":"Danube - \u0411\u0438\u0441\u0435\u0440\u0438 \u0414\u0443\u043d\u0430\u0432\u0430 \u0438 \u0402\u0435\u0440\u0434\u0430\u043f\u0430","robots":{"index":"index","follow":"follow","max-snippet":"max-snippet:-1","max-image-preview":"max-image-preview:large","max-video-preview":"max-video-preview:-1"},"canonical":"https:\/\/biseridunavaidjerdapa.rs\/danube\/","og_locale":"sr_RS","og_type":"article","og_title":"Danube - \u0411\u0438\u0441\u0435\u0440\u0438 \u0414\u0443\u043d\u0430\u0432\u0430 \u0438 \u0402\u0435\u0440\u0434\u0430\u043f\u0430","og_description":"The Danube Unique in so many ways. It runs through 10 states and 4 Europian Capitals. It&#8217;s created from rivers Breg and Brigah in Schwarzwald and after 2850 km, it floes into a Black Sea. It is the only river that flows from west to east and it&#8217;s a symbolic border between east and the [&hellip;]","og_url":"https:\/\/biseridunavaidjerdapa.rs\/en\/danube\/","og_site_name":"\u0411\u0438\u0441\u0435\u0440\u0438 \u0414\u0443\u043d\u0430\u0432\u0430 \u0438 \u0402\u0435\u0440\u0434\u0430\u043f\u0430","article_publisher":"https:\/\/www.facebook.com\/biseriistocnesrbije.djerdap","article_modified_time":"2019-09-09T08:59:01+00:00","og_image":[{"url":"https:\/\/biseridunavaidjerdapa.rs\/wp-content\/uploads\/2019\/08\/Dunav.jpg"}],"twitter_card":"summary_large_image","twitter_misc":{"\u041f\u0440\u043e\u0446\u0435\u045a\u0435\u043d\u043e \u0432\u0440\u0435\u043c\u0435 \u0447\u0438\u0442\u0430\u045a\u0430":"1 \u043c\u0438\u043d\u0443\u0442"},"schema":{"@context":"https:\/\/schema.org","@graph":[{"@type":"WebPage","@id":"https:\/\/biseridunavaidjerdapa.rs\/en\/danube\/","url":"https:\/\/biseridunavaidjerdapa.rs\/en\/danube\/","name":"Danube - \u0411\u0438\u0441\u0435\u0440\u0438 \u0414\u0443\u043d\u0430\u0432\u0430 \u0438 \u0402\u0435\u0440\u0434\u0430\u043f\u0430","isPartOf":{"@id":"https:\/\/biseridunavaidjerdapa.rs\/#website"},"datePublished":"2019-08-27T04:43:33+00:00","dateModified":"2019-09-09T08:59:01+00:00","inLanguage":"sr-RS","potentialAction":[{"@type":"ReadAction","target":["https:\/\/biseridunavaidjerdapa.rs\/en\/danube\/"]}]},{"@type":"WebSite","@id":"https:\/\/biseridunavaidjerdapa.rs\/#website","url":"https:\/\/biseridunavaidjerdapa.rs\/","name":"\u0411\u0438\u0441\u0435\u0440\u0438 \u0414\u0443\u043d\u0430\u0432\u0430 \u0438 \u0402\u0435\u0440\u0434\u0430\u043f\u0430","description":"","publisher":{"@id":"https:\/\/biseridunavaidjerdapa.rs\/#organization"},"potentialAction":[{"@type":"SearchAction","target":{"@type":"EntryPoint","urlTemplate":"https:\/\/biseridunavaidjerdapa.rs\/?s={search_term_string}"},"query-input":"required name=search_term_string"}],"inLanguage":"sr-RS"},{"@type":"Organization","@id":"https:\/\/biseridunavaidjerdapa.rs\/#organization","name":"\u0411\u0438\u0441\u0435\u0440\u0438 \u0414\u0443\u043d\u0430\u0432\u0430 \u0438 \u0402\u0435\u0440\u0434\u0430\u043f\u0430","url":"https:\/\/biseridunavaidjerdapa.rs\/","sameAs":["https:\/\/www.facebook.com\/biseriistocnesrbije.djerdap"],"logo":{"@type":"ImageObject","inLanguage":"sr-RS","@id":"https:\/\/biseridunavaidjerdapa.rs\/#\/schema\/logo\/image\/","url":"https:\/\/biseridunavaidjerdapa.rs\/wp-content\/uploads\/2019\/08\/Favicon.jpg","contentUrl":"https:\/\/biseridunavaidjerdapa.rs\/wp-content\/uploads\/2019\/08\/Favicon.jpg","width":512,"height":512,"caption":"\u0411\u0438\u0441\u0435\u0440\u0438 \u0414\u0443\u043d\u0430\u0432\u0430 \u0438 \u0402\u0435\u0440\u0434\u0430\u043f\u0430"},"image":{"@id":"https:\/\/biseridunavaidjerdapa.rs\/#\/schema\/logo\/image\/"}}]}},"_links":{"self":[{"href":"https:\/\/biseridunavaidjerdapa.rs\/en\/wp-json\/wp\/v2\/pages\/4898\/"}],"collection":[{"href":"https:\/\/biseridunavaidjerdapa.rs\/en\/wp-json\/wp\/v2\/pages\/"}],"about":[{"href":"https:\/\/biseridunavaidjerdapa.rs\/en\/wp-json\/wp\/v2\/types\/page\/"}],"author":[{"embeddable":true,"href":"https:\/\/biseridunavaidjerdapa.rs\/en\/wp-json\/wp\/v2\/users\/1\/"}],"replies":[{"embeddable":true,"href":"https:\/\/biseridunavaidjerdapa.rs\/en\/wp-json\/wp\/v2\/comments\/?post=4898"}],"version-history":[{"count":3,"href":"https:\/\/biseridunavaidjerdapa.rs\/en\/wp-json\/wp\/v2\/pages\/4898\/revisions\/"}],"predecessor-version":[{"id":6143,"href":"https:\/\/biseridunavaidjerdapa.rs\/en\/wp-json\/wp\/v2\/pages\/4898\/revisions\/6143\/"}],"wp:attachment":[{"href":"https:\/\/biseridunavaidjerdapa.rs\/en\/wp-json\/wp\/v2\/media\/?parent=4898"}],"curies":[{"name":"wp","href":"https:\/\/api.w.org\/{rel}","templated":true}]}}