{"id":4489,"date":"2019-08-20T05:21:03","date_gmt":"2019-08-20T05:21:03","guid":{"rendered":"https:\/\/biseridunavaidjerdapa.rs\/nature\/"},"modified":"2019-09-09T09:19:48","modified_gmt":"2019-09-09T09:19:48","slug":"nature","status":"publish","type":"page","link":"https:\/\/biseridunavaidjerdapa.rs\/en\/nature\/","title":{"rendered":"Nature"},"content":{"rendered":"\t\t<div data-elementor-type=\"wp-post\" data-elementor-id=\"4489\" class=\"elementor elementor-4489\">\n\t\t\t\t\t\t<div class=\"elementor-inner\">\n\t\t\t\t<div class=\"elementor-section-wrap\">\n\t\t\t\t\t\t\t\t\t<section class=\"elementor-section elementor-top-section elementor-element elementor-element-15c8829b elementor-section-stretched elementor-section-boxed elementor-section-height-default elementor-section-height-default\" data-id=\"15c8829b\" data-element_type=\"section\" data-settings=\"{&quot;stretch_section&quot;:&quot;section-stretched&quot;}\">\n\t\t\t\t\t\t<div class=\"elementor-container elementor-column-gap-default\">\n\t\t\t\t\t\t\t<div class=\"elementor-row\">\n\t\t\t\t\t<div class=\"aux-parallax-section elementor-column elementor-col-100 elementor-top-column elementor-element elementor-element-53c95f3e\" data-id=\"53c95f3e\" data-element_type=\"column\">\n\t\t\t<div class=\"elementor-column-wrap elementor-element-populated\">\n\t\t\t\t\t\t\t<div class=\"elementor-widget-wrap\">\n\t\t\t\t\t\t<div class=\"elementor-element elementor-element-681f4925 elementor-widget elementor-widget-heading\" data-id=\"681f4925\" data-element_type=\"widget\" data-widget_type=\"heading.default\">\n\t\t\t\t<div class=\"elementor-widget-container\">\n\t\t\t<h1 class=\"elementor-heading-title elementor-size-default\">Nature<\/h1>\t\t<\/div>\n\t\t\t\t<\/div>\n\t\t\t\t<div class=\"elementor-element elementor-element-448417ae elementor-widget elementor-widget-spacer\" data-id=\"448417ae\" data-element_type=\"widget\" data-widget_type=\"spacer.default\">\n\t\t\t\t<div class=\"elementor-widget-container\">\n\t\t\t\t\t<div class=\"elementor-spacer\">\n\t\t\t<div class=\"elementor-spacer-inner\"><\/div>\n\t\t<\/div>\n\t\t\t\t<\/div>\n\t\t\t\t<\/div>\n\t\t\t\t<div class=\"elementor-element elementor-element-64ab2189 elementor-widget elementor-widget-text-editor\" data-id=\"64ab2189\" data-element_type=\"widget\" data-widget_type=\"text-editor.default\">\n\t\t\t\t<div class=\"elementor-widget-container\">\n\t\t\t\t\t\t\t\t<div class=\"elementor-text-editor elementor-clearfix\">\n\t\t\t\t<p>The privilege of being in the dense beech and oak forest, breathing in the fresh air, feeling all the benefits of the Djerdap climate, being enchanted by the view from the rocky peaks, listening to the silence of the pristine and untouched nature or the strength of the Danube waves &#8211; a privilege you have in the Danube and Djerdap. Dense forests that conserve diverse wildlife, numerous nature reserves, a large number of mountain peaks, countless streams, rivers, a significant number of caves and pits that give this whole area a special charm and mysticism.<\/p>\n\t\t\t\t\t<\/div>\n\t\t\t\t\t\t<\/div>\n\t\t\t\t<\/div>\n\t\t\t\t\t\t<\/div>\n\t\t\t\t\t<\/div>\n\t\t<\/div>\n\t\t\t\t\t\t\t\t<\/div>\n\t\t\t\t\t<\/div>\n\t\t<\/section>\n\t\t\t\t<section class=\"elementor-section elementor-top-section elementor-element elementor-element-202b5b94 elementor-section-boxed elementor-section-height-default elementor-section-height-default\" data-id=\"202b5b94\" data-element_type=\"section\">\n\t\t\t\t\t\t<div class=\"elementor-container elementor-column-gap-default\">\n\t\t\t\t\t\t\t<div class=\"elementor-row\">\n\t\t\t\t\t<div class=\"aux-parallax-section elementor-column elementor-col-100 elementor-top-column elementor-element elementor-element-3363a24d\" data-id=\"3363a24d\" data-element_type=\"column\">\n\t\t\t<div class=\"elementor-column-wrap elementor-element-populated\">\n\t\t\t\t\t\t\t<div class=\"elementor-widget-wrap\">\n\t\t\t\t\t\t<div class=\"elementor-element elementor-element-3b354b01 elementor-widget elementor-widget-image\" data-id=\"3b354b01\" data-element_type=\"widget\" data-widget_type=\"image.default\">\n\t\t\t\t<div class=\"elementor-widget-container\">\n\t\t\t\t\t\t\t\t<div class=\"elementor-image\">\n\t\t\t\t\t\t\t\t\t\t\t\t<img width=\"1920\" height=\"1080\" src=\"https:\/\/biseridunavaidjerdapa.rs\/wp-content\/uploads\/2019\/07\/Biseri-Dunava-i-Djerdapa.jpg\" class=\"attachment-full size-full\" alt=\"\" srcset=\"https:\/\/biseridunavaidjerdapa.rs\/wp-content\/uploads\/2019\/07\/Biseri-Dunava-i-Djerdapa.jpg 1920w, https:\/\/biseridunavaidjerdapa.rs\/wp-content\/uploads\/2019\/07\/Biseri-Dunava-i-Djerdapa-1536x864.jpg 1536w\" sizes=\"(max-width: 1920px) 100vw, 1920px\" \/>\t\t\t\t\t\t\t\t\t\t\t\t\t\t<\/div>\n\t\t\t\t\t\t<\/div>\n\t\t\t\t<\/div>\n\t\t\t\t\t\t<\/div>\n\t\t\t\t\t<\/div>\n\t\t<\/div>\n\t\t\t\t\t\t\t\t<\/div>\n\t\t\t\t\t<\/div>\n\t\t<\/section>\n\t\t\t\t<section class=\"elementor-section elementor-top-section elementor-element elementor-element-594cf676 elementor-section-boxed elementor-section-height-default elementor-section-height-default\" data-id=\"594cf676\" data-element_type=\"section\">\n\t\t\t\t\t\t<div class=\"elementor-container elementor-column-gap-default\">\n\t\t\t\t\t\t\t<div class=\"elementor-row\">\n\t\t\t\t\t<div class=\"aux-parallax-section elementor-column elementor-col-100 elementor-top-column elementor-element elementor-element-5464a38f\" data-id=\"5464a38f\" data-element_type=\"column\">\n\t\t\t<div class=\"elementor-column-wrap elementor-element-populated\">\n\t\t\t\t\t\t\t<div class=\"elementor-widget-wrap\">\n\t\t\t\t\t\t<div class=\"elementor-element elementor-element-4ea66b7e elementor-widget__width-initial elementor-widget elementor-widget-text-editor\" data-id=\"4ea66b7e\" data-element_type=\"widget\" data-widget_type=\"text-editor.default\">\n\t\t\t\t<div class=\"elementor-widget-container\">\n\t\t\t\t\t\t\t\t<div class=\"elementor-text-editor elementor-clearfix\">\n\t\t\t\t<p>Djerdap National Park<\/p>\n\t\t\t\t\t<\/div>\n\t\t\t\t\t\t<\/div>\n\t\t\t\t<\/div>\n\t\t\t\t\t\t<\/div>\n\t\t\t\t\t<\/div>\n\t\t<\/div>\n\t\t\t\t\t\t\t\t<\/div>\n\t\t\t\t\t<\/div>\n\t\t<\/section>\n\t\t\t\t<section class=\"elementor-section elementor-top-section elementor-element elementor-element-00c2b32 elementor-section-stretched elementor-section-boxed elementor-section-height-default elementor-section-height-default\" data-id=\"00c2b32\" data-element_type=\"section\" data-settings=\"{&quot;stretch_section&quot;:&quot;section-stretched&quot;,&quot;background_background&quot;:&quot;classic&quot;}\">\n\t\t\t\t\t\t<div class=\"elementor-container elementor-column-gap-default\">\n\t\t\t\t\t\t\t<div class=\"elementor-row\">\n\t\t\t\t\t<div class=\"aux-parallax-section elementor-column elementor-col-100 elementor-top-column elementor-element elementor-element-d694a5c\" data-id=\"d694a5c\" data-element_type=\"column\">\n\t\t\t<div class=\"elementor-column-wrap elementor-element-populated\">\n\t\t\t\t\t\t\t<div class=\"elementor-widget-wrap\">\n\t\t\t\t\t\t<div class=\"elementor-element elementor-element-9939ad4 elementor-drop-cap-yes elementor-drop-cap-view-stacked elementor-widget elementor-widget-text-editor\" data-id=\"9939ad4\" data-element_type=\"widget\" data-settings=\"{&quot;drop_cap&quot;:&quot;yes&quot;}\" data-widget_type=\"text-editor.default\">\n\t\t\t\t<div class=\"elementor-widget-container\">\n\t\t\t\t\t\t\t\t<div class=\"elementor-text-editor elementor-clearfix\">\n\t\t\t\t<p>In the low water levels, some rocks protrude from the Danube, such as the Babakaj limestone spike and the Stenka granite catarrh below the village of Brnjica. From the Ljupkovo basin to the Greben (Ridge), extends the gorge of Our Lady&#8217;s Vortex, which was named after the medieval monastery. In Our Lady&#8217;s Vortex the trough is very narrow, the sides rising steeply to a height of over 500 m. From Greben to the mouth of the Pore\u010d river extends the Donjomilanovac basin, in which the Danube is suddenly expanding over 2 km. Below Golubinje, the Danube enters the third and most beautiful canyon gorge, consisting of the Grand and Little Kazan. In the Grand Kazan, the width of the Danube reaches only a few hundred meters, and steep limestone cliffs rise vertically above the water. Leaving Kazan, the Danube enters the Or\u0161ava basin, and from the mouth of \u010cerna it narrows again into the Sip Gorge, which extends to the place of Gura Vaj, where HPP \u0110erdap 1 was built. There are a number of so-called giant pots on the Danube route, some of which are over 80 meters deep, so that in some places the Danube falls below sea level by 14 meters.<\/p>\n\t\t\t\t\t<\/div>\n\t\t\t\t\t\t<\/div>\n\t\t\t\t<\/div>\n\t\t\t\t\t\t<\/div>\n\t\t\t\t\t<\/div>\n\t\t<\/div>\n\t\t\t\t\t\t\t\t<\/div>\n\t\t\t\t\t<\/div>\n\t\t<\/section>\n\t\t\t\t<section class=\"elementor-section elementor-top-section elementor-element elementor-element-bd4295b elementor-section-height-min-height elementor-section-boxed elementor-section-height-default elementor-section-items-middle\" data-id=\"bd4295b\" data-element_type=\"section\" data-settings=\"{&quot;background_background&quot;:&quot;classic&quot;}\">\n\t\t\t\t\t\t<div class=\"elementor-container elementor-column-gap-default\">\n\t\t\t\t\t\t\t<div class=\"elementor-row\">\n\t\t\t\t\t<div class=\"aux-parallax-section elementor-column elementor-col-100 elementor-top-column elementor-element elementor-element-52e2c6e\" data-id=\"52e2c6e\" data-element_type=\"column\" data-settings=\"{&quot;background_background&quot;:&quot;classic&quot;}\">\n\t\t\t<div class=\"elementor-column-wrap elementor-element-populated\">\n\t\t\t\t\t\t\t<div class=\"elementor-widget-wrap\">\n\t\t\t\t\t\t<div class=\"elementor-element elementor-element-0fbba88 elementor-widget elementor-widget-tp-animated-service-boxes\" data-id=\"0fbba88\" data-element_type=\"widget\" data-widget_type=\"tp-animated-service-boxes.default\">\n\t\t\t\t<div class=\"elementor-widget-container\">\n\t\t\t<div id=ani_ser_box69e72daeba9a7\" class=\"pt_plus_asb_wrapper portfolio portfolio-style-1   \"  ><div class=\"asb_wrap_list tp-row\"><div class=\"portfolio-content-wrapper tp-col-md-6 tp-col-lg-6 tp-col-sm-12 tp-col-12\"><div class=\"service-item-loop      active-port \"  data-url=\"https:\/\/biseridunavaidjerdapa.rs\/wp-content\/uploads\/2019\/08\/Vidikovac-Veliki-\u0160trbac.jpg\" data-clickurl=\"https:\/\/biseridunavaidjerdapa.rs\/nacionalni-park-djerdap\/\"  data-phcolor=\"#373737\"  data-clicktext=\"Read more\"><a class=\"asb-title-link\" href=\"https:\/\/biseridunavaidjerdapa.rs\/nacionalni-park-djerdap\/\"><h6 class=\"asb-title \">\u0110erdap national park<\/h6><\/a>\r\n<\/div><div class=\"service-item-loop       \"  data-url=\"https:\/\/biseridunavaidjerdapa.rs\/wp-content\/uploads\/2019\/08\/Vratnjanske-kapije.jpg\" data-clickurl=\"https:\/\/biseridunavaidjerdapa.rs\/spomenici-prirode\/\"  data-phcolor=\"#373737\"  data-clicktext=\"Read more\"><a class=\"asb-title-link\" href=\"https:\/\/biseridunavaidjerdapa.rs\/spomenici-prirode\/\"><h6 class=\"asb-title \">Monuments of nature<\/h6><\/a>\r\n<\/div><div class=\"service-item-loop       \"  data-url=\"https:\/\/biseridunavaidjerdapa.rs\/wp-content\/uploads\/2019\/08\/Rajkova-Pe\u0107ina.jpg\" data-clickurl=\"https:\/\/biseridunavaidjerdapa.rs\/pecine\/\"  data-phcolor=\"#373737\"  data-clicktext=\"Read more\"><a class=\"asb-title-link\" href=\"https:\/\/biseridunavaidjerdapa.rs\/pecine\/\"><h6 class=\"asb-title \">Caves<\/h6><\/a>\r\n<\/div><div class=\"service-item-loop       \"  data-url=\"https:\/\/biseridunavaidjerdapa.rs\/wp-content\/uploads\/2019\/08\/Srebrno-Jezero.jpg\" data-clickurl=\"https:\/\/biseridunavaidjerdapa.rs\/reke-i-jezera\/\"  data-phcolor=\"#373737\"  data-clicktext=\"Read more\"><a class=\"asb-title-link\" href=\"https:\/\/biseridunavaidjerdapa.rs\/reke-i-jezera\/\"><h6 class=\"asb-title \">Rivers and Lakes<\/h6><\/a>\r\n<\/div><\/div><div class=\"portfolio-hover-wrapper tp-col-md-6 tp-col-lg-6 tp-col-sm-12 tp-col-12\"><div class=\"portfolio-hover-image\" style=\"background:url(https:\/\/biseridunavaidjerdapa.rs\/wp-content\/uploads\/2019\/08\/Vidikovac-Veliki-\u0160trbac.jpg) center\/cover\"><\/div><\/div><\/div><\/div>\t\t<\/div>\n\t\t\t\t<\/div>\n\t\t\t\t\t\t<\/div>\n\t\t\t\t\t<\/div>\n\t\t<\/div>\n\t\t\t\t\t\t\t\t<\/div>\n\t\t\t\t\t<\/div>\n\t\t<\/section>\n\t\t\t\t\t\t\t\t\t<\/div>\n\t\t\t<\/div>\n\t\t\t\t\t<\/div>\n\t\t","protected":false},"excerpt":{"rendered":"<p>Nature The privilege of being in the dense beech and oak forest, breathing in the fresh air, feeling all the benefits of the Djerdap climate, being enchanted by the view from the rocky peaks, listening to the silence of the pristine and untouched nature or the strength of the Danube waves &#8211; a privilege you [&hellip;]<\/p>\n","protected":false},"author":1,"featured_media":0,"parent":0,"menu_order":0,"comment_status":"closed","ping_status":"closed","template":"elementor_header_footer","meta":[],"yoast_head":"<!-- This site is optimized with the Yoast SEO plugin v19.8 - https:\/\/yoast.com\/wordpress\/plugins\/seo\/ -->\n<title>Nature - \u0411\u0438\u0441\u0435\u0440\u0438 \u0414\u0443\u043d\u0430\u0432\u0430 \u0438 \u0402\u0435\u0440\u0434\u0430\u043f\u0430<\/title>\n<meta name=\"robots\" content=\"index, follow, max-snippet:-1, max-image-preview:large, max-video-preview:-1\" \/>\n<link rel=\"canonical\" href=\"https:\/\/biseridunavaidjerdapa.rs\/nature\/\" \/>\n<meta property=\"og:locale\" content=\"sr_RS\" \/>\n<meta property=\"og:type\" content=\"article\" \/>\n<meta property=\"og:title\" content=\"Nature - \u0411\u0438\u0441\u0435\u0440\u0438 \u0414\u0443\u043d\u0430\u0432\u0430 \u0438 \u0402\u0435\u0440\u0434\u0430\u043f\u0430\" \/>\n<meta property=\"og:description\" content=\"Nature The privilege of being in the dense beech and oak forest, breathing in the fresh air, feeling all the benefits of the Djerdap climate, being enchanted by the view from the rocky peaks, listening to the silence of the pristine and untouched nature or the strength of the Danube waves &#8211; a privilege you [&hellip;]\" \/>\n<meta property=\"og:url\" content=\"https:\/\/biseridunavaidjerdapa.rs\/en\/nature\/\" \/>\n<meta property=\"og:site_name\" content=\"\u0411\u0438\u0441\u0435\u0440\u0438 \u0414\u0443\u043d\u0430\u0432\u0430 \u0438 \u0402\u0435\u0440\u0434\u0430\u043f\u0430\" \/>\n<meta property=\"article:publisher\" content=\"https:\/\/www.facebook.com\/biseriistocnesrbije.djerdap\" \/>\n<meta property=\"article:modified_time\" content=\"2019-09-09T09:19:48+00:00\" \/>\n<meta property=\"og:image\" content=\"https:\/\/biseridunavaidjerdapa.rs\/wp-content\/uploads\/2019\/07\/Biseri-Dunava-i-Djerdapa.jpg\" \/>\n<meta name=\"twitter:card\" content=\"summary_large_image\" \/>\n<meta name=\"twitter:label1\" content=\"\u041f\u0440\u043e\u0446\u0435\u045a\u0435\u043d\u043e \u0432\u0440\u0435\u043c\u0435 \u0447\u0438\u0442\u0430\u045a\u0430\" \/>\n\t<meta name=\"twitter:data1\" content=\"2 \u043c\u0438\u043d\u0443\u0442\u0430\" \/>\n<script type=\"application\/ld+json\" class=\"yoast-schema-graph\">{\"@context\":\"https:\/\/schema.org\",\"@graph\":[{\"@type\":\"WebPage\",\"@id\":\"https:\/\/biseridunavaidjerdapa.rs\/en\/nature\/\",\"url\":\"https:\/\/biseridunavaidjerdapa.rs\/en\/nature\/\",\"name\":\"Nature - \u0411\u0438\u0441\u0435\u0440\u0438 \u0414\u0443\u043d\u0430\u0432\u0430 \u0438 \u0402\u0435\u0440\u0434\u0430\u043f\u0430\",\"isPartOf\":{\"@id\":\"https:\/\/biseridunavaidjerdapa.rs\/#website\"},\"datePublished\":\"2019-08-20T05:21:03+00:00\",\"dateModified\":\"2019-09-09T09:19:48+00:00\",\"inLanguage\":\"sr-RS\",\"potentialAction\":[{\"@type\":\"ReadAction\",\"target\":[\"https:\/\/biseridunavaidjerdapa.rs\/en\/nature\/\"]}]},{\"@type\":\"WebSite\",\"@id\":\"https:\/\/biseridunavaidjerdapa.rs\/#website\",\"url\":\"https:\/\/biseridunavaidjerdapa.rs\/\",\"name\":\"\u0411\u0438\u0441\u0435\u0440\u0438 \u0414\u0443\u043d\u0430\u0432\u0430 \u0438 \u0402\u0435\u0440\u0434\u0430\u043f\u0430\",\"description\":\"\",\"publisher\":{\"@id\":\"https:\/\/biseridunavaidjerdapa.rs\/#organization\"},\"potentialAction\":[{\"@type\":\"SearchAction\",\"target\":{\"@type\":\"EntryPoint\",\"urlTemplate\":\"https:\/\/biseridunavaidjerdapa.rs\/?s={search_term_string}\"},\"query-input\":\"required name=search_term_string\"}],\"inLanguage\":\"sr-RS\"},{\"@type\":\"Organization\",\"@id\":\"https:\/\/biseridunavaidjerdapa.rs\/#organization\",\"name\":\"\u0411\u0438\u0441\u0435\u0440\u0438 \u0414\u0443\u043d\u0430\u0432\u0430 \u0438 \u0402\u0435\u0440\u0434\u0430\u043f\u0430\",\"url\":\"https:\/\/biseridunavaidjerdapa.rs\/\",\"sameAs\":[\"https:\/\/www.facebook.com\/biseriistocnesrbije.djerdap\"],\"logo\":{\"@type\":\"ImageObject\",\"inLanguage\":\"sr-RS\",\"@id\":\"https:\/\/biseridunavaidjerdapa.rs\/#\/schema\/logo\/image\/\",\"url\":\"https:\/\/biseridunavaidjerdapa.rs\/wp-content\/uploads\/2019\/08\/Favicon.jpg\",\"contentUrl\":\"https:\/\/biseridunavaidjerdapa.rs\/wp-content\/uploads\/2019\/08\/Favicon.jpg\",\"width\":512,\"height\":512,\"caption\":\"\u0411\u0438\u0441\u0435\u0440\u0438 \u0414\u0443\u043d\u0430\u0432\u0430 \u0438 \u0402\u0435\u0440\u0434\u0430\u043f\u0430\"},\"image\":{\"@id\":\"https:\/\/biseridunavaidjerdapa.rs\/#\/schema\/logo\/image\/\"}}]}<\/script>\n<!-- \/ Yoast SEO plugin. -->","yoast_head_json":{"title":"Nature - \u0411\u0438\u0441\u0435\u0440\u0438 \u0414\u0443\u043d\u0430\u0432\u0430 \u0438 \u0402\u0435\u0440\u0434\u0430\u043f\u0430","robots":{"index":"index","follow":"follow","max-snippet":"max-snippet:-1","max-image-preview":"max-image-preview:large","max-video-preview":"max-video-preview:-1"},"canonical":"https:\/\/biseridunavaidjerdapa.rs\/nature\/","og_locale":"sr_RS","og_type":"article","og_title":"Nature - \u0411\u0438\u0441\u0435\u0440\u0438 \u0414\u0443\u043d\u0430\u0432\u0430 \u0438 \u0402\u0435\u0440\u0434\u0430\u043f\u0430","og_description":"Nature The privilege of being in the dense beech and oak forest, breathing in the fresh air, feeling all the benefits of the Djerdap climate, being enchanted by the view from the rocky peaks, listening to the silence of the pristine and untouched nature or the strength of the Danube waves &#8211; a privilege you [&hellip;]","og_url":"https:\/\/biseridunavaidjerdapa.rs\/en\/nature\/","og_site_name":"\u0411\u0438\u0441\u0435\u0440\u0438 \u0414\u0443\u043d\u0430\u0432\u0430 \u0438 \u0402\u0435\u0440\u0434\u0430\u043f\u0430","article_publisher":"https:\/\/www.facebook.com\/biseriistocnesrbije.djerdap","article_modified_time":"2019-09-09T09:19:48+00:00","og_image":[{"url":"https:\/\/biseridunavaidjerdapa.rs\/wp-content\/uploads\/2019\/07\/Biseri-Dunava-i-Djerdapa.jpg"}],"twitter_card":"summary_large_image","twitter_misc":{"\u041f\u0440\u043e\u0446\u0435\u045a\u0435\u043d\u043e \u0432\u0440\u0435\u043c\u0435 \u0447\u0438\u0442\u0430\u045a\u0430":"2 \u043c\u0438\u043d\u0443\u0442\u0430"},"schema":{"@context":"https:\/\/schema.org","@graph":[{"@type":"WebPage","@id":"https:\/\/biseridunavaidjerdapa.rs\/en\/nature\/","url":"https:\/\/biseridunavaidjerdapa.rs\/en\/nature\/","name":"Nature - \u0411\u0438\u0441\u0435\u0440\u0438 \u0414\u0443\u043d\u0430\u0432\u0430 \u0438 \u0402\u0435\u0440\u0434\u0430\u043f\u0430","isPartOf":{"@id":"https:\/\/biseridunavaidjerdapa.rs\/#website"},"datePublished":"2019-08-20T05:21:03+00:00","dateModified":"2019-09-09T09:19:48+00:00","inLanguage":"sr-RS","potentialAction":[{"@type":"ReadAction","target":["https:\/\/biseridunavaidjerdapa.rs\/en\/nature\/"]}]},{"@type":"WebSite","@id":"https:\/\/biseridunavaidjerdapa.rs\/#website","url":"https:\/\/biseridunavaidjerdapa.rs\/","name":"\u0411\u0438\u0441\u0435\u0440\u0438 \u0414\u0443\u043d\u0430\u0432\u0430 \u0438 \u0402\u0435\u0440\u0434\u0430\u043f\u0430","description":"","publisher":{"@id":"https:\/\/biseridunavaidjerdapa.rs\/#organization"},"potentialAction":[{"@type":"SearchAction","target":{"@type":"EntryPoint","urlTemplate":"https:\/\/biseridunavaidjerdapa.rs\/?s={search_term_string}"},"query-input":"required name=search_term_string"}],"inLanguage":"sr-RS"},{"@type":"Organization","@id":"https:\/\/biseridunavaidjerdapa.rs\/#organization","name":"\u0411\u0438\u0441\u0435\u0440\u0438 \u0414\u0443\u043d\u0430\u0432\u0430 \u0438 \u0402\u0435\u0440\u0434\u0430\u043f\u0430","url":"https:\/\/biseridunavaidjerdapa.rs\/","sameAs":["https:\/\/www.facebook.com\/biseriistocnesrbije.djerdap"],"logo":{"@type":"ImageObject","inLanguage":"sr-RS","@id":"https:\/\/biseridunavaidjerdapa.rs\/#\/schema\/logo\/image\/","url":"https:\/\/biseridunavaidjerdapa.rs\/wp-content\/uploads\/2019\/08\/Favicon.jpg","contentUrl":"https:\/\/biseridunavaidjerdapa.rs\/wp-content\/uploads\/2019\/08\/Favicon.jpg","width":512,"height":512,"caption":"\u0411\u0438\u0441\u0435\u0440\u0438 \u0414\u0443\u043d\u0430\u0432\u0430 \u0438 \u0402\u0435\u0440\u0434\u0430\u043f\u0430"},"image":{"@id":"https:\/\/biseridunavaidjerdapa.rs\/#\/schema\/logo\/image\/"}}]}},"_links":{"self":[{"href":"https:\/\/biseridunavaidjerdapa.rs\/en\/wp-json\/wp\/v2\/pages\/4489\/"}],"collection":[{"href":"https:\/\/biseridunavaidjerdapa.rs\/en\/wp-json\/wp\/v2\/pages\/"}],"about":[{"href":"https:\/\/biseridunavaidjerdapa.rs\/en\/wp-json\/wp\/v2\/types\/page\/"}],"author":[{"embeddable":true,"href":"https:\/\/biseridunavaidjerdapa.rs\/en\/wp-json\/wp\/v2\/users\/1\/"}],"replies":[{"embeddable":true,"href":"https:\/\/biseridunavaidjerdapa.rs\/en\/wp-json\/wp\/v2\/comments\/?post=4489"}],"version-history":[{"count":8,"href":"https:\/\/biseridunavaidjerdapa.rs\/en\/wp-json\/wp\/v2\/pages\/4489\/revisions\/"}],"predecessor-version":[{"id":6168,"href":"https:\/\/biseridunavaidjerdapa.rs\/en\/wp-json\/wp\/v2\/pages\/4489\/revisions\/6168\/"}],"wp:attachment":[{"href":"https:\/\/biseridunavaidjerdapa.rs\/en\/wp-json\/wp\/v2\/media\/?parent=4489"}],"curies":[{"name":"wp","href":"https:\/\/api.w.org\/{rel}","templated":true}]}}